{"id":8515,"date":"2023-03-09T10:06:58","date_gmt":"2023-03-09T09:06:58","guid":{"rendered":"https:\/\/www.fleurschailly.ch\/?post_type=product&#038;p=8515"},"modified":"2025-10-27T12:02:02","modified_gmt":"2025-10-27T11:02:02","slug":"floral-heart","status":"publish","type":"product","link":"https:\/\/www.fleurschailly.ch\/en\/produit\/floral-heart\/","title":{"rendered":"Floral Heart"},"content":{"rendered":"<p data-start=\"141\" data-end=\"176\">\ud83d\udc90 <strong data-start=\"144\" data-end=\"174\">Heart of Flowers \u2013 Tribute<\/strong><\/p>\n<p data-start=\"178\" data-end=\"349\">To express your sympathy and offer a final tribute to the departed, our team of florists carefully creates <strong data-start=\"285\" data-end=\"321\">heart-shaped floral arrangements<\/strong>, tailored to your wishes.<\/p>\n<p data-start=\"351\" data-end=\"451\">\ud83d\udd4a\ufe0f <strong data-start=\"355\" data-end=\"373\">Online orders:<\/strong> at least <strong data-start=\"383\" data-end=\"406\">12 hours in advance<\/strong><br data-start=\"406\" data-end=\"409\" \/>(For urgent requests: <strong data-start=\"431\" data-end=\"448\">021 652 49 78<\/strong>)<\/p>\n<p data-start=\"453\" data-end=\"581\">\ud83d\ude9a <strong data-start=\"456\" data-end=\"468\">Options:<\/strong><br data-start=\"468\" data-end=\"471\" \/>\u2013 <strong data-start=\"473\" data-end=\"497\">Free in-store pickup<\/strong><br data-start=\"497\" data-end=\"500\" \/>\u2013 <strong data-start=\"502\" data-end=\"528\">Complimentary delivery<\/strong> to the ceremony location or address of your choice<\/p>\n","protected":false},"excerpt":{"rendered":"<p data-start=\"141\" data-end=\"176\">\ud83d\udc90 <strong data-start=\"144\" data-end=\"174\">Heart of Flowers \u2013 Tribute<\/strong><\/p>\n<p data-start=\"178\" data-end=\"349\">To express your sympathy and offer a final tribute to the departed, our team of florists carefully creates <strong data-start=\"285\" data-end=\"321\">heart-shaped floral arrangements<\/strong>, tailored to your wishes.<\/p>\n<p data-start=\"351\" data-end=\"451\">\ud83d\udd4a\ufe0f <strong data-start=\"355\" data-end=\"373\">Online orders:<\/strong> at least <strong data-start=\"383\" data-end=\"406\">12 hours in advance<\/strong><br data-start=\"406\" data-end=\"409\" \/>(For urgent requests: <strong data-start=\"431\" data-end=\"448\">021 652 49 78<\/strong>)<\/p>\n<p data-start=\"453\" data-end=\"581\">\ud83d\ude9a <strong data-start=\"456\" data-end=\"468\">Options:<\/strong><br data-start=\"468\" data-end=\"471\" \/>\u2013 <strong data-start=\"473\" data-end=\"497\">Free in-store pickup<\/strong><br data-start=\"497\" data-end=\"500\" \/>\u2013 <strong data-start=\"502\" data-end=\"528\">Complimentary delivery<\/strong> to the ceremony location or address of your choice<\/p>\n","protected":false},"featured_media":2984,"template":"","meta":[],"product_brand":[],"product_cat":[46],"product_tag":[],"class_list":{"0":"post-8515","1":"product","2":"type-product","3":"status-publish","4":"has-post-thumbnail","6":"product_cat-sympathy","8":"tm-has-options","10":"first","11":"instock","12":"taxable","13":"shipping-taxable","14":"purchasable","15":"product-type-simple"},"yoast_head":"<!-- This site is optimized with the Yoast SEO plugin v27.4 - https:\/\/yoast.com\/product\/yoast-seo-wordpress\/ -->\n<title>Floral Heart | Pont de Chailly Fleurs | Artisan fleuriste \u00e0 Lausanne<\/title>\n<meta name=\"robots\" content=\"index, follow, max-snippet:-1, max-image-preview:large, max-video-preview:-1\" \/>\n<link rel=\"canonical\" href=\"https:\/\/www.fleurschailly.ch\/en\/produit\/floral-heart\/\" \/>\n<meta property=\"og:locale\" content=\"en_US\" \/>\n<meta property=\"og:type\" content=\"article\" \/>\n<meta property=\"og:title\" content=\"Floral Heart | Pont de Chailly Fleurs | Artisan fleuriste \u00e0 Lausanne\" \/>\n<meta property=\"og:description\" content=\"\ud83d\udc90 Heart of Flowers \u2013 Tribute To express your sympathy and offer a final tribute to the departed, our team of florists carefully creates heart-shaped floral arrangements, tailored to your wishes. \ud83d\udd4a\ufe0f Online orders: at least 12 hours in advance(For urgent requests: 021 652 49 78) \ud83d\ude9a Options:\u2013 Free in-store pickup\u2013 Complimentary delivery to the ceremony location or address of your choice\" \/>\n<meta property=\"og:url\" content=\"https:\/\/www.fleurschailly.ch\/en\/produit\/floral-heart\/\" \/>\n<meta property=\"og:site_name\" content=\"Pont de Chailly Fleurs | Artisan fleuriste \u00e0 Lausanne\" \/>\n<meta property=\"article:publisher\" content=\"https:\/\/www.facebook.com\/fleurschailly\/\" \/>\n<meta property=\"article:modified_time\" content=\"2025-10-27T11:02:02+00:00\" \/>\n<meta property=\"og:image\" content=\"https:\/\/www.fleurschailly.ch\/wp-content\/uploads\/Pont-de-Chailly-Fleurs-Coeur-Deuil.jpg\" \/>\n\t<meta property=\"og:image:width\" content=\"1200\" \/>\n\t<meta property=\"og:image:height\" content=\"1200\" \/>\n\t<meta property=\"og:image:type\" content=\"image\/jpeg\" \/>\n<meta name=\"twitter:card\" content=\"summary_large_image\" \/>\n<meta name=\"twitter:label1\" content=\"Est. reading time\" \/>\n\t<meta name=\"twitter:data1\" content=\"1 minute\" \/>\n<script type=\"application\/ld+json\" class=\"yoast-schema-graph\">{\"@context\":\"https:\\\/\\\/schema.org\",\"@graph\":[{\"@type\":\"WebPage\",\"@id\":\"https:\\\/\\\/www.fleurschailly.ch\\\/en\\\/produit\\\/floral-heart\\\/\",\"url\":\"https:\\\/\\\/www.fleurschailly.ch\\\/en\\\/produit\\\/floral-heart\\\/\",\"name\":\"Floral Heart | Pont de Chailly Fleurs | Artisan fleuriste \u00e0 Lausanne\",\"isPartOf\":{\"@id\":\"https:\\\/\\\/www.fleurschailly.ch\\\/#website\"},\"primaryImageOfPage\":{\"@id\":\"https:\\\/\\\/www.fleurschailly.ch\\\/en\\\/produit\\\/floral-heart\\\/#primaryimage\"},\"image\":{\"@id\":\"https:\\\/\\\/www.fleurschailly.ch\\\/en\\\/produit\\\/floral-heart\\\/#primaryimage\"},\"thumbnailUrl\":\"https:\\\/\\\/www.fleurschailly.ch\\\/wp-content\\\/uploads\\\/Pont-de-Chailly-Fleurs-Coeur-Deuil.jpg\",\"datePublished\":\"2023-03-09T09:06:58+00:00\",\"dateModified\":\"2025-10-27T11:02:02+00:00\",\"breadcrumb\":{\"@id\":\"https:\\\/\\\/www.fleurschailly.ch\\\/en\\\/produit\\\/floral-heart\\\/#breadcrumb\"},\"inLanguage\":\"en-US\",\"potentialAction\":[{\"@type\":\"ReadAction\",\"target\":[\"https:\\\/\\\/www.fleurschailly.ch\\\/en\\\/produit\\\/floral-heart\\\/\"]}]},{\"@type\":\"ImageObject\",\"inLanguage\":\"en-US\",\"@id\":\"https:\\\/\\\/www.fleurschailly.ch\\\/en\\\/produit\\\/floral-heart\\\/#primaryimage\",\"url\":\"https:\\\/\\\/www.fleurschailly.ch\\\/wp-content\\\/uploads\\\/Pont-de-Chailly-Fleurs-Coeur-Deuil.jpg\",\"contentUrl\":\"https:\\\/\\\/www.fleurschailly.ch\\\/wp-content\\\/uploads\\\/Pont-de-Chailly-Fleurs-Coeur-Deuil.jpg\",\"width\":1200,\"height\":1200},{\"@type\":\"BreadcrumbList\",\"@id\":\"https:\\\/\\\/www.fleurschailly.ch\\\/en\\\/produit\\\/floral-heart\\\/#breadcrumb\",\"itemListElement\":[{\"@type\":\"ListItem\",\"position\":1,\"name\":\"Accueil\",\"item\":\"https:\\\/\\\/www.fleurschailly.ch\\\/en\\\/\"},{\"@type\":\"ListItem\",\"position\":2,\"name\":\"Shop\",\"item\":\"https:\\\/\\\/www.fleurschailly.ch\\\/en\\\/webshop\\\/\"},{\"@type\":\"ListItem\",\"position\":3,\"name\":\"Floral Heart\"}]},{\"@type\":\"WebSite\",\"@id\":\"https:\\\/\\\/www.fleurschailly.ch\\\/#website\",\"url\":\"https:\\\/\\\/www.fleurschailly.ch\\\/\",\"name\":\"Pont de Chailly Fleurs | Artisan fleuriste \u00e0 Lausanne\",\"description\":\"Fleurs fra\u00eeches, plantes, terrariums et cadeaux toute l&#039;ann\u00e9e. Commande en ligne 7\\\/7 et livraison express \u00e0 Lausanne et environs.\",\"publisher\":{\"@id\":\"https:\\\/\\\/www.fleurschailly.ch\\\/#organization\"},\"potentialAction\":[{\"@type\":\"SearchAction\",\"target\":{\"@type\":\"EntryPoint\",\"urlTemplate\":\"https:\\\/\\\/www.fleurschailly.ch\\\/?s={search_term_string}\"},\"query-input\":{\"@type\":\"PropertyValueSpecification\",\"valueRequired\":true,\"valueName\":\"search_term_string\"}}],\"inLanguage\":\"en-US\"},{\"@type\":\"Organization\",\"@id\":\"https:\\\/\\\/www.fleurschailly.ch\\\/#organization\",\"name\":\"Pont de Chailly Fleurs\",\"url\":\"https:\\\/\\\/www.fleurschailly.ch\\\/\",\"logo\":{\"@type\":\"ImageObject\",\"inLanguage\":\"en-US\",\"@id\":\"https:\\\/\\\/www.fleurschailly.ch\\\/#\\\/schema\\\/logo\\\/image\\\/\",\"url\":\"https:\\\/\\\/www.fleurschailly.ch\\\/wp-content\\\/uploads\\\/pont-de-chailly-fleurs-logo.png\",\"contentUrl\":\"https:\\\/\\\/www.fleurschailly.ch\\\/wp-content\\\/uploads\\\/pont-de-chailly-fleurs-logo.png\",\"width\":1200,\"height\":1177,\"caption\":\"Pont de Chailly Fleurs\"},\"image\":{\"@id\":\"https:\\\/\\\/www.fleurschailly.ch\\\/#\\\/schema\\\/logo\\\/image\\\/\"},\"sameAs\":[\"https:\\\/\\\/www.facebook.com\\\/fleurschailly\\\/\",\"https:\\\/\\\/www.instagram.com\\\/pontdechaillyfleurs\\\/\",\"https:\\\/\\\/www.youtube.com\\\/watch?v=R3f2uducHoQ\"]}]}<\/script>\n<!-- \/ Yoast SEO plugin. -->","yoast_head_json":{"title":"Floral Heart | Pont de Chailly Fleurs | Artisan fleuriste \u00e0 Lausanne","robots":{"index":"index","follow":"follow","max-snippet":"max-snippet:-1","max-image-preview":"max-image-preview:large","max-video-preview":"max-video-preview:-1"},"canonical":"https:\/\/www.fleurschailly.ch\/en\/produit\/floral-heart\/","og_locale":"en_US","og_type":"article","og_title":"Floral Heart | Pont de Chailly Fleurs | Artisan fleuriste \u00e0 Lausanne","og_description":"\ud83d\udc90 Heart of Flowers \u2013 Tribute To express your sympathy and offer a final tribute to the departed, our team of florists carefully creates heart-shaped floral arrangements, tailored to your wishes. \ud83d\udd4a\ufe0f Online orders: at least 12 hours in advance(For urgent requests: 021 652 49 78) \ud83d\ude9a Options:\u2013 Free in-store pickup\u2013 Complimentary delivery to the ceremony location or address of your choice","og_url":"https:\/\/www.fleurschailly.ch\/en\/produit\/floral-heart\/","og_site_name":"Pont de Chailly Fleurs | Artisan fleuriste \u00e0 Lausanne","article_publisher":"https:\/\/www.facebook.com\/fleurschailly\/","article_modified_time":"2025-10-27T11:02:02+00:00","og_image":[{"width":1200,"height":1200,"url":"https:\/\/www.fleurschailly.ch\/wp-content\/uploads\/Pont-de-Chailly-Fleurs-Coeur-Deuil.jpg","type":"image\/jpeg"}],"twitter_card":"summary_large_image","twitter_misc":{"Est. reading time":"1 minute"},"schema":{"@context":"https:\/\/schema.org","@graph":[{"@type":"WebPage","@id":"https:\/\/www.fleurschailly.ch\/en\/produit\/floral-heart\/","url":"https:\/\/www.fleurschailly.ch\/en\/produit\/floral-heart\/","name":"Floral Heart | Pont de Chailly Fleurs | Artisan fleuriste \u00e0 Lausanne","isPartOf":{"@id":"https:\/\/www.fleurschailly.ch\/#website"},"primaryImageOfPage":{"@id":"https:\/\/www.fleurschailly.ch\/en\/produit\/floral-heart\/#primaryimage"},"image":{"@id":"https:\/\/www.fleurschailly.ch\/en\/produit\/floral-heart\/#primaryimage"},"thumbnailUrl":"https:\/\/www.fleurschailly.ch\/wp-content\/uploads\/Pont-de-Chailly-Fleurs-Coeur-Deuil.jpg","datePublished":"2023-03-09T09:06:58+00:00","dateModified":"2025-10-27T11:02:02+00:00","breadcrumb":{"@id":"https:\/\/www.fleurschailly.ch\/en\/produit\/floral-heart\/#breadcrumb"},"inLanguage":"en-US","potentialAction":[{"@type":"ReadAction","target":["https:\/\/www.fleurschailly.ch\/en\/produit\/floral-heart\/"]}]},{"@type":"ImageObject","inLanguage":"en-US","@id":"https:\/\/www.fleurschailly.ch\/en\/produit\/floral-heart\/#primaryimage","url":"https:\/\/www.fleurschailly.ch\/wp-content\/uploads\/Pont-de-Chailly-Fleurs-Coeur-Deuil.jpg","contentUrl":"https:\/\/www.fleurschailly.ch\/wp-content\/uploads\/Pont-de-Chailly-Fleurs-Coeur-Deuil.jpg","width":1200,"height":1200},{"@type":"BreadcrumbList","@id":"https:\/\/www.fleurschailly.ch\/en\/produit\/floral-heart\/#breadcrumb","itemListElement":[{"@type":"ListItem","position":1,"name":"Accueil","item":"https:\/\/www.fleurschailly.ch\/en\/"},{"@type":"ListItem","position":2,"name":"Shop","item":"https:\/\/www.fleurschailly.ch\/en\/webshop\/"},{"@type":"ListItem","position":3,"name":"Floral Heart"}]},{"@type":"WebSite","@id":"https:\/\/www.fleurschailly.ch\/#website","url":"https:\/\/www.fleurschailly.ch\/","name":"Pont de Chailly Fleurs | Artisan fleuriste \u00e0 Lausanne","description":"Fleurs fra\u00eeches, plantes, terrariums et cadeaux toute l&#039;ann\u00e9e. Commande en ligne 7\/7 et livraison express \u00e0 Lausanne et environs.","publisher":{"@id":"https:\/\/www.fleurschailly.ch\/#organization"},"potentialAction":[{"@type":"SearchAction","target":{"@type":"EntryPoint","urlTemplate":"https:\/\/www.fleurschailly.ch\/?s={search_term_string}"},"query-input":{"@type":"PropertyValueSpecification","valueRequired":true,"valueName":"search_term_string"}}],"inLanguage":"en-US"},{"@type":"Organization","@id":"https:\/\/www.fleurschailly.ch\/#organization","name":"Pont de Chailly Fleurs","url":"https:\/\/www.fleurschailly.ch\/","logo":{"@type":"ImageObject","inLanguage":"en-US","@id":"https:\/\/www.fleurschailly.ch\/#\/schema\/logo\/image\/","url":"https:\/\/www.fleurschailly.ch\/wp-content\/uploads\/pont-de-chailly-fleurs-logo.png","contentUrl":"https:\/\/www.fleurschailly.ch\/wp-content\/uploads\/pont-de-chailly-fleurs-logo.png","width":1200,"height":1177,"caption":"Pont de Chailly Fleurs"},"image":{"@id":"https:\/\/www.fleurschailly.ch\/#\/schema\/logo\/image\/"},"sameAs":["https:\/\/www.facebook.com\/fleurschailly\/","https:\/\/www.instagram.com\/pontdechaillyfleurs\/","https:\/\/www.youtube.com\/watch?v=R3f2uducHoQ"]}]}},"_links":{"self":[{"href":"https:\/\/www.fleurschailly.ch\/en\/wp-json\/wp\/v2\/product\/8515","targetHints":{"allow":["GET"]}}],"collection":[{"href":"https:\/\/www.fleurschailly.ch\/en\/wp-json\/wp\/v2\/product"}],"about":[{"href":"https:\/\/www.fleurschailly.ch\/en\/wp-json\/wp\/v2\/types\/product"}],"wp:featuredmedia":[{"embeddable":true,"href":"https:\/\/www.fleurschailly.ch\/en\/wp-json\/wp\/v2\/media\/2984"}],"wp:attachment":[{"href":"https:\/\/www.fleurschailly.ch\/en\/wp-json\/wp\/v2\/media?parent=8515"}],"wp:term":[{"taxonomy":"product_brand","embeddable":true,"href":"https:\/\/www.fleurschailly.ch\/en\/wp-json\/wp\/v2\/product_brand?post=8515"},{"taxonomy":"product_cat","embeddable":true,"href":"https:\/\/www.fleurschailly.ch\/en\/wp-json\/wp\/v2\/product_cat?post=8515"},{"taxonomy":"product_tag","embeddable":true,"href":"https:\/\/www.fleurschailly.ch\/en\/wp-json\/wp\/v2\/product_tag?post=8515"}],"curies":[{"name":"wp","href":"https:\/\/api.w.org\/{rel}","templated":true}]}}