{"id":8507,"date":"2023-03-09T09:52:24","date_gmt":"2023-03-09T08:52:24","guid":{"rendered":"https:\/\/www.fleurschailly.ch\/?post_type=product&#038;p=8507"},"modified":"2026-05-11T18:29:20","modified_gmt":"2026-05-11T16:29:20","slug":"sympathy-basket","status":"publish","type":"product","link":"https:\/\/www.fleurschailly.ch\/en\/produit\/sympathy-basket\/","title":{"rendered":"Funeral basket"},"content":{"rendered":"<p><span id=\"s2_1\">Whether you\u2019re want to send <strong>tribute flowers<\/strong> to a <strong>funeral<\/strong> or <strong>sympathy<\/strong> flowers to a family, our team of florists can design a <strong>funeral basket<\/strong> according to your wishes.<\/span><\/p>\n<p><span id=\"s2_2\">Order: minimum 12h in advance (Urgent: +41 21 652 49 78)<br \/>\n<\/span><\/p>\n<p><span id=\"s2_3\">Choose from: Store collection or free delivery<\/span><\/p>\n","protected":false},"excerpt":{"rendered":"<p><span id=\"s2_1\">Whether you\u2019re want to send <strong>tribute flowers<\/strong> to a <strong>funeral<\/strong> or <strong>sympathy<\/strong> flowers to a family, our team of florists can design a <strong>funeral basket<\/strong> according to your wishes.<\/span><\/p>\n<p><span id=\"s2_2\">Order: minimum 12h in advance (Urgent: +41 21 652 49 78)<br \/>\n<\/span><\/p>\n<p><span id=\"s2_3\">Choose from: Store collection or free delivery<\/span><\/p>\n","protected":false},"featured_media":8546,"template":"","meta":[],"product_brand":[],"product_cat":[46],"product_tag":[],"class_list":{"0":"post-8507","1":"product","2":"type-product","3":"status-publish","4":"has-post-thumbnail","6":"product_cat-sympathy","8":"tm-has-options","10":"first","11":"instock","12":"taxable","13":"shipping-taxable","14":"purchasable","15":"product-type-simple"},"yoast_head":"<!-- This site is optimized with the Yoast SEO plugin v27.4 - https:\/\/yoast.com\/product\/yoast-seo-wordpress\/ -->\n<title>Funeral basket | Pont de Chailly Fleurs | Artisan fleuriste \u00e0 Lausanne<\/title>\n<meta name=\"robots\" content=\"index, follow, max-snippet:-1, max-image-preview:large, max-video-preview:-1\" \/>\n<link rel=\"canonical\" href=\"https:\/\/www.fleurschailly.ch\/produit\/corbeille-fleurie\/\" \/>\n<meta property=\"og:locale\" content=\"en_US\" \/>\n<meta property=\"og:type\" content=\"article\" \/>\n<meta property=\"og:title\" content=\"Funeral basket | Pont de Chailly Fleurs | Artisan fleuriste \u00e0 Lausanne\" \/>\n<meta property=\"og:description\" content=\"Whether you\u2019re want to send tribute flowers to a funeral or sympathy flowers to a family, our team of florists can design a funeral basket according to your wishes.  Order: minimum 12h in advance (Urgent: +41 21 652 49 78)   Choose from: Store collection or free delivery\" \/>\n<meta property=\"og:url\" content=\"https:\/\/www.fleurschailly.ch\/produit\/corbeille-fleurie\/\" \/>\n<meta property=\"og:site_name\" content=\"Pont de Chailly Fleurs | Artisan fleuriste \u00e0 Lausanne\" \/>\n<meta property=\"article:publisher\" content=\"https:\/\/www.facebook.com\/fleurschailly\/\" \/>\n<meta property=\"article:modified_time\" content=\"2026-05-11T16:29:20+00:00\" \/>\n<meta property=\"og:image\" content=\"https:\/\/www.fleurschailly.ch\/wp-content\/uploads\/deuil_funeral_panier_basket_fleurs_bloom_pont_de_chailly_fleurs_001.jpg\" \/>\n\t<meta property=\"og:image:width\" content=\"827\" \/>\n\t<meta property=\"og:image:height\" content=\"827\" \/>\n\t<meta property=\"og:image:type\" content=\"image\/jpeg\" \/>\n<meta name=\"twitter:card\" content=\"summary_large_image\" \/>\n<meta name=\"twitter:label1\" content=\"Est. reading time\" \/>\n\t<meta name=\"twitter:data1\" content=\"1 minute\" \/>\n<script type=\"application\/ld+json\" class=\"yoast-schema-graph\">{\"@context\":\"https:\\\/\\\/schema.org\",\"@graph\":[{\"@type\":\"WebPage\",\"@id\":\"https:\\\/\\\/www.fleurschailly.ch\\\/produit\\\/corbeille-fleurie\\\/\",\"url\":\"https:\\\/\\\/www.fleurschailly.ch\\\/produit\\\/corbeille-fleurie\\\/\",\"name\":\"Funeral basket | Pont de Chailly Fleurs | Artisan fleuriste \u00e0 Lausanne\",\"isPartOf\":{\"@id\":\"https:\\\/\\\/www.fleurschailly.ch\\\/#website\"},\"primaryImageOfPage\":{\"@id\":\"https:\\\/\\\/www.fleurschailly.ch\\\/produit\\\/corbeille-fleurie\\\/#primaryimage\"},\"image\":{\"@id\":\"https:\\\/\\\/www.fleurschailly.ch\\\/produit\\\/corbeille-fleurie\\\/#primaryimage\"},\"thumbnailUrl\":\"https:\\\/\\\/www.fleurschailly.ch\\\/wp-content\\\/uploads\\\/deuil_funeral_panier_basket_fleurs_bloom_pont_de_chailly_fleurs_002.jpeg\",\"datePublished\":\"2023-03-09T08:52:24+00:00\",\"dateModified\":\"2026-05-11T16:29:20+00:00\",\"breadcrumb\":{\"@id\":\"https:\\\/\\\/www.fleurschailly.ch\\\/produit\\\/corbeille-fleurie\\\/#breadcrumb\"},\"inLanguage\":\"en-US\",\"potentialAction\":[{\"@type\":\"ReadAction\",\"target\":[\"https:\\\/\\\/www.fleurschailly.ch\\\/produit\\\/corbeille-fleurie\\\/\"]}]},{\"@type\":\"ImageObject\",\"inLanguage\":\"en-US\",\"@id\":\"https:\\\/\\\/www.fleurschailly.ch\\\/produit\\\/corbeille-fleurie\\\/#primaryimage\",\"url\":\"https:\\\/\\\/www.fleurschailly.ch\\\/wp-content\\\/uploads\\\/deuil_funeral_panier_basket_fleurs_bloom_pont_de_chailly_fleurs_002.jpeg\",\"contentUrl\":\"https:\\\/\\\/www.fleurschailly.ch\\\/wp-content\\\/uploads\\\/deuil_funeral_panier_basket_fleurs_bloom_pont_de_chailly_fleurs_002.jpeg\",\"width\":1175,\"height\":1175},{\"@type\":\"BreadcrumbList\",\"@id\":\"https:\\\/\\\/www.fleurschailly.ch\\\/produit\\\/corbeille-fleurie\\\/#breadcrumb\",\"itemListElement\":[{\"@type\":\"ListItem\",\"position\":1,\"name\":\"Accueil\",\"item\":\"https:\\\/\\\/www.fleurschailly.ch\\\/en\\\/\"},{\"@type\":\"ListItem\",\"position\":2,\"name\":\"Shop\",\"item\":\"https:\\\/\\\/www.fleurschailly.ch\\\/en\\\/webshop\\\/\"},{\"@type\":\"ListItem\",\"position\":3,\"name\":\"Funeral basket\"}]},{\"@type\":\"WebSite\",\"@id\":\"https:\\\/\\\/www.fleurschailly.ch\\\/#website\",\"url\":\"https:\\\/\\\/www.fleurschailly.ch\\\/\",\"name\":\"Pont de Chailly Fleurs | Artisan fleuriste \u00e0 Lausanne\",\"description\":\"Fleurs fra\u00eeches, plantes, terrariums et cadeaux toute l&#039;ann\u00e9e. Commande en ligne 7\\\/7 et livraison express \u00e0 Lausanne et environs.\",\"publisher\":{\"@id\":\"https:\\\/\\\/www.fleurschailly.ch\\\/#organization\"},\"potentialAction\":[{\"@type\":\"SearchAction\",\"target\":{\"@type\":\"EntryPoint\",\"urlTemplate\":\"https:\\\/\\\/www.fleurschailly.ch\\\/?s={search_term_string}\"},\"query-input\":{\"@type\":\"PropertyValueSpecification\",\"valueRequired\":true,\"valueName\":\"search_term_string\"}}],\"inLanguage\":\"en-US\"},{\"@type\":\"Organization\",\"@id\":\"https:\\\/\\\/www.fleurschailly.ch\\\/#organization\",\"name\":\"Pont de Chailly Fleurs\",\"url\":\"https:\\\/\\\/www.fleurschailly.ch\\\/\",\"logo\":{\"@type\":\"ImageObject\",\"inLanguage\":\"en-US\",\"@id\":\"https:\\\/\\\/www.fleurschailly.ch\\\/#\\\/schema\\\/logo\\\/image\\\/\",\"url\":\"https:\\\/\\\/www.fleurschailly.ch\\\/wp-content\\\/uploads\\\/pont-de-chailly-fleurs-logo.png\",\"contentUrl\":\"https:\\\/\\\/www.fleurschailly.ch\\\/wp-content\\\/uploads\\\/pont-de-chailly-fleurs-logo.png\",\"width\":1200,\"height\":1177,\"caption\":\"Pont de Chailly Fleurs\"},\"image\":{\"@id\":\"https:\\\/\\\/www.fleurschailly.ch\\\/#\\\/schema\\\/logo\\\/image\\\/\"},\"sameAs\":[\"https:\\\/\\\/www.facebook.com\\\/fleurschailly\\\/\",\"https:\\\/\\\/www.instagram.com\\\/pontdechaillyfleurs\\\/\",\"https:\\\/\\\/www.youtube.com\\\/watch?v=R3f2uducHoQ\"]}]}<\/script>\n<!-- \/ Yoast SEO plugin. -->","yoast_head_json":{"title":"Funeral basket | Pont de Chailly Fleurs | Artisan fleuriste \u00e0 Lausanne","robots":{"index":"index","follow":"follow","max-snippet":"max-snippet:-1","max-image-preview":"max-image-preview:large","max-video-preview":"max-video-preview:-1"},"canonical":"https:\/\/www.fleurschailly.ch\/produit\/corbeille-fleurie\/","og_locale":"en_US","og_type":"article","og_title":"Funeral basket | Pont de Chailly Fleurs | Artisan fleuriste \u00e0 Lausanne","og_description":"Whether you\u2019re want to send tribute flowers to a funeral or sympathy flowers to a family, our team of florists can design a funeral basket according to your wishes.  Order: minimum 12h in advance (Urgent: +41 21 652 49 78)   Choose from: Store collection or free delivery","og_url":"https:\/\/www.fleurschailly.ch\/produit\/corbeille-fleurie\/","og_site_name":"Pont de Chailly Fleurs | Artisan fleuriste \u00e0 Lausanne","article_publisher":"https:\/\/www.facebook.com\/fleurschailly\/","article_modified_time":"2026-05-11T16:29:20+00:00","og_image":[{"width":827,"height":827,"url":"https:\/\/www.fleurschailly.ch\/wp-content\/uploads\/deuil_funeral_panier_basket_fleurs_bloom_pont_de_chailly_fleurs_001.jpg","type":"image\/jpeg"}],"twitter_card":"summary_large_image","twitter_misc":{"Est. reading time":"1 minute"},"schema":{"@context":"https:\/\/schema.org","@graph":[{"@type":"WebPage","@id":"https:\/\/www.fleurschailly.ch\/produit\/corbeille-fleurie\/","url":"https:\/\/www.fleurschailly.ch\/produit\/corbeille-fleurie\/","name":"Funeral basket | Pont de Chailly Fleurs | Artisan fleuriste \u00e0 Lausanne","isPartOf":{"@id":"https:\/\/www.fleurschailly.ch\/#website"},"primaryImageOfPage":{"@id":"https:\/\/www.fleurschailly.ch\/produit\/corbeille-fleurie\/#primaryimage"},"image":{"@id":"https:\/\/www.fleurschailly.ch\/produit\/corbeille-fleurie\/#primaryimage"},"thumbnailUrl":"https:\/\/www.fleurschailly.ch\/wp-content\/uploads\/deuil_funeral_panier_basket_fleurs_bloom_pont_de_chailly_fleurs_002.jpeg","datePublished":"2023-03-09T08:52:24+00:00","dateModified":"2026-05-11T16:29:20+00:00","breadcrumb":{"@id":"https:\/\/www.fleurschailly.ch\/produit\/corbeille-fleurie\/#breadcrumb"},"inLanguage":"en-US","potentialAction":[{"@type":"ReadAction","target":["https:\/\/www.fleurschailly.ch\/produit\/corbeille-fleurie\/"]}]},{"@type":"ImageObject","inLanguage":"en-US","@id":"https:\/\/www.fleurschailly.ch\/produit\/corbeille-fleurie\/#primaryimage","url":"https:\/\/www.fleurschailly.ch\/wp-content\/uploads\/deuil_funeral_panier_basket_fleurs_bloom_pont_de_chailly_fleurs_002.jpeg","contentUrl":"https:\/\/www.fleurschailly.ch\/wp-content\/uploads\/deuil_funeral_panier_basket_fleurs_bloom_pont_de_chailly_fleurs_002.jpeg","width":1175,"height":1175},{"@type":"BreadcrumbList","@id":"https:\/\/www.fleurschailly.ch\/produit\/corbeille-fleurie\/#breadcrumb","itemListElement":[{"@type":"ListItem","position":1,"name":"Accueil","item":"https:\/\/www.fleurschailly.ch\/en\/"},{"@type":"ListItem","position":2,"name":"Shop","item":"https:\/\/www.fleurschailly.ch\/en\/webshop\/"},{"@type":"ListItem","position":3,"name":"Funeral basket"}]},{"@type":"WebSite","@id":"https:\/\/www.fleurschailly.ch\/#website","url":"https:\/\/www.fleurschailly.ch\/","name":"Pont de Chailly Fleurs | Artisan fleuriste \u00e0 Lausanne","description":"Fleurs fra\u00eeches, plantes, terrariums et cadeaux toute l&#039;ann\u00e9e. Commande en ligne 7\/7 et livraison express \u00e0 Lausanne et environs.","publisher":{"@id":"https:\/\/www.fleurschailly.ch\/#organization"},"potentialAction":[{"@type":"SearchAction","target":{"@type":"EntryPoint","urlTemplate":"https:\/\/www.fleurschailly.ch\/?s={search_term_string}"},"query-input":{"@type":"PropertyValueSpecification","valueRequired":true,"valueName":"search_term_string"}}],"inLanguage":"en-US"},{"@type":"Organization","@id":"https:\/\/www.fleurschailly.ch\/#organization","name":"Pont de Chailly Fleurs","url":"https:\/\/www.fleurschailly.ch\/","logo":{"@type":"ImageObject","inLanguage":"en-US","@id":"https:\/\/www.fleurschailly.ch\/#\/schema\/logo\/image\/","url":"https:\/\/www.fleurschailly.ch\/wp-content\/uploads\/pont-de-chailly-fleurs-logo.png","contentUrl":"https:\/\/www.fleurschailly.ch\/wp-content\/uploads\/pont-de-chailly-fleurs-logo.png","width":1200,"height":1177,"caption":"Pont de Chailly Fleurs"},"image":{"@id":"https:\/\/www.fleurschailly.ch\/#\/schema\/logo\/image\/"},"sameAs":["https:\/\/www.facebook.com\/fleurschailly\/","https:\/\/www.instagram.com\/pontdechaillyfleurs\/","https:\/\/www.youtube.com\/watch?v=R3f2uducHoQ"]}]}},"_links":{"self":[{"href":"https:\/\/www.fleurschailly.ch\/en\/wp-json\/wp\/v2\/product\/8507","targetHints":{"allow":["GET"]}}],"collection":[{"href":"https:\/\/www.fleurschailly.ch\/en\/wp-json\/wp\/v2\/product"}],"about":[{"href":"https:\/\/www.fleurschailly.ch\/en\/wp-json\/wp\/v2\/types\/product"}],"wp:featuredmedia":[{"embeddable":true,"href":"https:\/\/www.fleurschailly.ch\/en\/wp-json\/wp\/v2\/media\/8546"}],"wp:attachment":[{"href":"https:\/\/www.fleurschailly.ch\/en\/wp-json\/wp\/v2\/media?parent=8507"}],"wp:term":[{"taxonomy":"product_brand","embeddable":true,"href":"https:\/\/www.fleurschailly.ch\/en\/wp-json\/wp\/v2\/product_brand?post=8507"},{"taxonomy":"product_cat","embeddable":true,"href":"https:\/\/www.fleurschailly.ch\/en\/wp-json\/wp\/v2\/product_cat?post=8507"},{"taxonomy":"product_tag","embeddable":true,"href":"https:\/\/www.fleurschailly.ch\/en\/wp-json\/wp\/v2\/product_tag?post=8507"}],"curies":[{"name":"wp","href":"https:\/\/api.w.org\/{rel}","templated":true}]}}