{"id":5557,"date":"2021-05-04T17:03:22","date_gmt":"2021-05-04T15:03:22","guid":{"rendered":"https:\/\/www.fleurschailly.ch\/?post_type=product&#038;p=5557"},"modified":"2024-02-01T21:36:40","modified_gmt":"2024-02-01T20:36:40","slug":"genuine-aleppo-soaps","status":"publish","type":"product","link":"https:\/\/www.fleurschailly.ch\/en\/produit\/genuine-aleppo-soaps\/","title":{"rendered":"Al Bara &#8211; Genuine Aleppo Soaps"},"content":{"rendered":"<div id=\"trtext\">\n<p><span id=\"s2_1\"><strong>Genuine Aleppo soaps<\/strong> made in Aleppo, Syria.<\/span><\/p>\n<p><span id=\"s2_2\">Recognized throughout the world for its various virtues since antiquity, \u00abAl Bara\u00bb <strong>Aleppo soaps<\/strong> are elaborated according to the method of artisanal cooking used for millennia.<\/span><\/p>\n<p><span id=\"s2_3\">An <strong>ancestral oriental know-how<\/strong> for <strong>body<\/strong> and <strong>face<\/strong>.<\/span><\/p>\n<ul>\n<li><span id=\"s2_4\"><strong>Aleppo Soap \u2013 35% Laurel (200g):<\/strong> Made with vegetable olive oil, ideal for dry, for sensitive and imperfect skin.<\/span><\/li>\n<\/ul>\n<ul>\n<li><span id=\"s2_5\"><strong>Aleppo Soap \u2013 Olive and 20% Laurel (200g):<\/strong> Vegetable soap, ideal for normal skin, suitable for for daily use by the whole family.<\/span><\/li>\n<\/ul>\n<ul>\n<li><span id=\"s2_6\"><strong>Aleppo Soap \u2013 Pure Olive (200g):<\/strong> 100% natural and vegetable olive oil soap to nourish and soften your skin.<\/span><\/li>\n<\/ul>\n<div>\u00abAl Bara\u00bb soaps are made of <strong>100% natural ingredients<\/strong>.<\/div>\n<\/div>\n","protected":false},"excerpt":{"rendered":"<p><span id=\"s2_1\"><strong>Genuine Aleppo soaps<\/strong> made in Aleppo, Syria.<\/span><\/p>\n<p><span id=\"s2_2\">Recognized throughout the world for its various virtues since antiquity, \u00abAl Bara\u00bb <strong>Aleppo soaps<\/strong> are elaborated according to the method of artisanal cooking used for millennia.<\/span><\/p>\n<p><span id=\"s2_3\">An <strong>ancestral oriental know-how<\/strong> for <strong>body<\/strong> and <strong>face<\/strong>.<\/span><\/p>\n<ul>\n<li><span id=\"s2_4\"><strong>Aleppo Soap \u2013 35% Laurel (200g):<\/strong> Made with vegetable olive oil, ideal for dry, for sensitive and imperfect skin.<\/span><\/li>\n<\/ul>\n<ul>\n<li><span id=\"s2_5\"><strong>Aleppo Soap \u2013 Olive and 20% Laurel (200g):<\/strong> Vegetable soap, ideal for normal skin, suitable for for daily use by the whole family.<\/span><\/li>\n<\/ul>\n<ul>\n<li><span id=\"s2_6\"><strong>Aleppo Soap \u2013 Pure Olive (200g):<\/strong> 100% natural and vegetable olive oil soap to nourish and soften your skin.<\/span><\/li>\n<\/ul>\n<div>\u00abAl Bara\u00bb soaps are made of <strong>100% natural ingredients<\/strong>.<\/div>\n","protected":false},"featured_media":5559,"template":"","meta":[],"product_brand":[],"product_cat":[39,43],"product_tag":[],"class_list":{"0":"post-5557","1":"product","2":"type-product","3":"status-publish","4":"has-post-thumbnail","6":"product_cat-body-cosy","7":"product_cat-home-page-line-2","9":"tm-has-options","11":"first","12":"instock","13":"taxable","14":"shipping-taxable","15":"purchasable","16":"product-type-simple"},"yoast_head":"<!-- This site is optimized with the Yoast SEO plugin v27.4 - https:\/\/yoast.com\/product\/yoast-seo-wordpress\/ -->\n<title>Al Bara - Genuine Aleppo Soaps | Pont de Chailly Fleurs | Artisan fleuriste \u00e0 Lausanne<\/title>\n<meta name=\"description\" content=\"Genuine Aleppo soaps made in Aleppo, Syria. \u00abAl Bara\u00bb soaps are made of 100% natural ingredients.\" \/>\n<meta name=\"robots\" content=\"index, follow, max-snippet:-1, max-image-preview:large, max-video-preview:-1\" \/>\n<link rel=\"canonical\" href=\"https:\/\/www.fleurschailly.ch\/produit\/al-bara-savons-dalep-veritables\/\" \/>\n<meta property=\"og:locale\" content=\"en_US\" \/>\n<meta property=\"og:type\" content=\"article\" \/>\n<meta property=\"og:title\" content=\"Al Bara - Genuine Aleppo Soaps | Pont de Chailly Fleurs | Artisan fleuriste \u00e0 Lausanne\" \/>\n<meta property=\"og:description\" content=\"Genuine Aleppo soaps made in Aleppo, Syria. \u00abAl Bara\u00bb soaps are made of 100% natural ingredients.\" \/>\n<meta property=\"og:url\" content=\"https:\/\/www.fleurschailly.ch\/produit\/al-bara-savons-dalep-veritables\/\" \/>\n<meta property=\"og:site_name\" content=\"Pont de Chailly Fleurs | Artisan fleuriste \u00e0 Lausanne\" \/>\n<meta property=\"article:publisher\" content=\"https:\/\/www.facebook.com\/fleurschailly\/\" \/>\n<meta property=\"article:modified_time\" content=\"2024-02-01T20:36:40+00:00\" \/>\n<meta property=\"og:image\" content=\"https:\/\/www.fleurschailly.ch\/wp-content\/uploads\/Pont_de_Chailly_Fleurs_savon-d-alep-al_bara.jpg\" \/>\n\t<meta property=\"og:image:width\" content=\"450\" \/>\n\t<meta property=\"og:image:height\" content=\"475\" \/>\n\t<meta property=\"og:image:type\" content=\"image\/jpeg\" \/>\n<meta name=\"twitter:card\" content=\"summary_large_image\" \/>\n<meta name=\"twitter:label1\" content=\"Est. reading time\" \/>\n\t<meta name=\"twitter:data1\" content=\"1 minute\" \/>\n<script type=\"application\/ld+json\" class=\"yoast-schema-graph\">{\"@context\":\"https:\\\/\\\/schema.org\",\"@graph\":[{\"@type\":\"WebPage\",\"@id\":\"https:\\\/\\\/www.fleurschailly.ch\\\/produit\\\/al-bara-savons-dalep-veritables\\\/\",\"url\":\"https:\\\/\\\/www.fleurschailly.ch\\\/produit\\\/al-bara-savons-dalep-veritables\\\/\",\"name\":\"Al Bara - Genuine Aleppo Soaps | Pont de Chailly Fleurs | Artisan fleuriste \u00e0 Lausanne\",\"isPartOf\":{\"@id\":\"https:\\\/\\\/www.fleurschailly.ch\\\/#website\"},\"primaryImageOfPage\":{\"@id\":\"https:\\\/\\\/www.fleurschailly.ch\\\/produit\\\/al-bara-savons-dalep-veritables\\\/#primaryimage\"},\"image\":{\"@id\":\"https:\\\/\\\/www.fleurschailly.ch\\\/produit\\\/al-bara-savons-dalep-veritables\\\/#primaryimage\"},\"thumbnailUrl\":\"https:\\\/\\\/www.fleurschailly.ch\\\/wp-content\\\/uploads\\\/Pont_de_Chailly_Fleurs_savon-d-alep-al_bara.jpg\",\"datePublished\":\"2021-05-04T15:03:22+00:00\",\"dateModified\":\"2024-02-01T20:36:40+00:00\",\"description\":\"Genuine Aleppo soaps made in Aleppo, Syria. \u00abAl Bara\u00bb soaps are made of 100% natural ingredients.\",\"breadcrumb\":{\"@id\":\"https:\\\/\\\/www.fleurschailly.ch\\\/produit\\\/al-bara-savons-dalep-veritables\\\/#breadcrumb\"},\"inLanguage\":\"en-US\",\"potentialAction\":[{\"@type\":\"ReadAction\",\"target\":[\"https:\\\/\\\/www.fleurschailly.ch\\\/produit\\\/al-bara-savons-dalep-veritables\\\/\"]}]},{\"@type\":\"ImageObject\",\"inLanguage\":\"en-US\",\"@id\":\"https:\\\/\\\/www.fleurschailly.ch\\\/produit\\\/al-bara-savons-dalep-veritables\\\/#primaryimage\",\"url\":\"https:\\\/\\\/www.fleurschailly.ch\\\/wp-content\\\/uploads\\\/Pont_de_Chailly_Fleurs_savon-d-alep-al_bara.jpg\",\"contentUrl\":\"https:\\\/\\\/www.fleurschailly.ch\\\/wp-content\\\/uploads\\\/Pont_de_Chailly_Fleurs_savon-d-alep-al_bara.jpg\",\"width\":450,\"height\":475},{\"@type\":\"BreadcrumbList\",\"@id\":\"https:\\\/\\\/www.fleurschailly.ch\\\/produit\\\/al-bara-savons-dalep-veritables\\\/#breadcrumb\",\"itemListElement\":[{\"@type\":\"ListItem\",\"position\":1,\"name\":\"Accueil\",\"item\":\"https:\\\/\\\/www.fleurschailly.ch\\\/en\\\/\"},{\"@type\":\"ListItem\",\"position\":2,\"name\":\"Shop\",\"item\":\"https:\\\/\\\/www.fleurschailly.ch\\\/en\\\/webshop\\\/\"},{\"@type\":\"ListItem\",\"position\":3,\"name\":\"Al Bara &#8211; Genuine Aleppo Soaps\"}]},{\"@type\":\"WebSite\",\"@id\":\"https:\\\/\\\/www.fleurschailly.ch\\\/#website\",\"url\":\"https:\\\/\\\/www.fleurschailly.ch\\\/\",\"name\":\"Pont de Chailly Fleurs | Artisan fleuriste \u00e0 Lausanne\",\"description\":\"Fleurs fra\u00eeches, plantes, terrariums et cadeaux toute l&#039;ann\u00e9e. Commande en ligne 7\\\/7 et livraison express \u00e0 Lausanne et environs.\",\"publisher\":{\"@id\":\"https:\\\/\\\/www.fleurschailly.ch\\\/#organization\"},\"potentialAction\":[{\"@type\":\"SearchAction\",\"target\":{\"@type\":\"EntryPoint\",\"urlTemplate\":\"https:\\\/\\\/www.fleurschailly.ch\\\/?s={search_term_string}\"},\"query-input\":{\"@type\":\"PropertyValueSpecification\",\"valueRequired\":true,\"valueName\":\"search_term_string\"}}],\"inLanguage\":\"en-US\"},{\"@type\":\"Organization\",\"@id\":\"https:\\\/\\\/www.fleurschailly.ch\\\/#organization\",\"name\":\"Pont de Chailly Fleurs\",\"url\":\"https:\\\/\\\/www.fleurschailly.ch\\\/\",\"logo\":{\"@type\":\"ImageObject\",\"inLanguage\":\"en-US\",\"@id\":\"https:\\\/\\\/www.fleurschailly.ch\\\/#\\\/schema\\\/logo\\\/image\\\/\",\"url\":\"https:\\\/\\\/www.fleurschailly.ch\\\/wp-content\\\/uploads\\\/pont-de-chailly-fleurs-logo.png\",\"contentUrl\":\"https:\\\/\\\/www.fleurschailly.ch\\\/wp-content\\\/uploads\\\/pont-de-chailly-fleurs-logo.png\",\"width\":1200,\"height\":1177,\"caption\":\"Pont de Chailly Fleurs\"},\"image\":{\"@id\":\"https:\\\/\\\/www.fleurschailly.ch\\\/#\\\/schema\\\/logo\\\/image\\\/\"},\"sameAs\":[\"https:\\\/\\\/www.facebook.com\\\/fleurschailly\\\/\",\"https:\\\/\\\/www.instagram.com\\\/pontdechaillyfleurs\\\/\",\"https:\\\/\\\/www.youtube.com\\\/watch?v=R3f2uducHoQ\"]}]}<\/script>\n<!-- \/ Yoast SEO plugin. -->","yoast_head_json":{"title":"Al Bara - Genuine Aleppo Soaps | Pont de Chailly Fleurs | Artisan fleuriste \u00e0 Lausanne","description":"Genuine Aleppo soaps made in Aleppo, Syria. \u00abAl Bara\u00bb soaps are made of 100% natural ingredients.","robots":{"index":"index","follow":"follow","max-snippet":"max-snippet:-1","max-image-preview":"max-image-preview:large","max-video-preview":"max-video-preview:-1"},"canonical":"https:\/\/www.fleurschailly.ch\/produit\/al-bara-savons-dalep-veritables\/","og_locale":"en_US","og_type":"article","og_title":"Al Bara - Genuine Aleppo Soaps | Pont de Chailly Fleurs | Artisan fleuriste \u00e0 Lausanne","og_description":"Genuine Aleppo soaps made in Aleppo, Syria. \u00abAl Bara\u00bb soaps are made of 100% natural ingredients.","og_url":"https:\/\/www.fleurschailly.ch\/produit\/al-bara-savons-dalep-veritables\/","og_site_name":"Pont de Chailly Fleurs | Artisan fleuriste \u00e0 Lausanne","article_publisher":"https:\/\/www.facebook.com\/fleurschailly\/","article_modified_time":"2024-02-01T20:36:40+00:00","og_image":[{"width":450,"height":475,"url":"https:\/\/www.fleurschailly.ch\/wp-content\/uploads\/Pont_de_Chailly_Fleurs_savon-d-alep-al_bara.jpg","type":"image\/jpeg"}],"twitter_card":"summary_large_image","twitter_misc":{"Est. reading time":"1 minute"},"schema":{"@context":"https:\/\/schema.org","@graph":[{"@type":"WebPage","@id":"https:\/\/www.fleurschailly.ch\/produit\/al-bara-savons-dalep-veritables\/","url":"https:\/\/www.fleurschailly.ch\/produit\/al-bara-savons-dalep-veritables\/","name":"Al Bara - Genuine Aleppo Soaps | Pont de Chailly Fleurs | Artisan fleuriste \u00e0 Lausanne","isPartOf":{"@id":"https:\/\/www.fleurschailly.ch\/#website"},"primaryImageOfPage":{"@id":"https:\/\/www.fleurschailly.ch\/produit\/al-bara-savons-dalep-veritables\/#primaryimage"},"image":{"@id":"https:\/\/www.fleurschailly.ch\/produit\/al-bara-savons-dalep-veritables\/#primaryimage"},"thumbnailUrl":"https:\/\/www.fleurschailly.ch\/wp-content\/uploads\/Pont_de_Chailly_Fleurs_savon-d-alep-al_bara.jpg","datePublished":"2021-05-04T15:03:22+00:00","dateModified":"2024-02-01T20:36:40+00:00","description":"Genuine Aleppo soaps made in Aleppo, Syria. \u00abAl Bara\u00bb soaps are made of 100% natural ingredients.","breadcrumb":{"@id":"https:\/\/www.fleurschailly.ch\/produit\/al-bara-savons-dalep-veritables\/#breadcrumb"},"inLanguage":"en-US","potentialAction":[{"@type":"ReadAction","target":["https:\/\/www.fleurschailly.ch\/produit\/al-bara-savons-dalep-veritables\/"]}]},{"@type":"ImageObject","inLanguage":"en-US","@id":"https:\/\/www.fleurschailly.ch\/produit\/al-bara-savons-dalep-veritables\/#primaryimage","url":"https:\/\/www.fleurschailly.ch\/wp-content\/uploads\/Pont_de_Chailly_Fleurs_savon-d-alep-al_bara.jpg","contentUrl":"https:\/\/www.fleurschailly.ch\/wp-content\/uploads\/Pont_de_Chailly_Fleurs_savon-d-alep-al_bara.jpg","width":450,"height":475},{"@type":"BreadcrumbList","@id":"https:\/\/www.fleurschailly.ch\/produit\/al-bara-savons-dalep-veritables\/#breadcrumb","itemListElement":[{"@type":"ListItem","position":1,"name":"Accueil","item":"https:\/\/www.fleurschailly.ch\/en\/"},{"@type":"ListItem","position":2,"name":"Shop","item":"https:\/\/www.fleurschailly.ch\/en\/webshop\/"},{"@type":"ListItem","position":3,"name":"Al Bara &#8211; Genuine Aleppo Soaps"}]},{"@type":"WebSite","@id":"https:\/\/www.fleurschailly.ch\/#website","url":"https:\/\/www.fleurschailly.ch\/","name":"Pont de Chailly Fleurs | Artisan fleuriste \u00e0 Lausanne","description":"Fleurs fra\u00eeches, plantes, terrariums et cadeaux toute l&#039;ann\u00e9e. Commande en ligne 7\/7 et livraison express \u00e0 Lausanne et environs.","publisher":{"@id":"https:\/\/www.fleurschailly.ch\/#organization"},"potentialAction":[{"@type":"SearchAction","target":{"@type":"EntryPoint","urlTemplate":"https:\/\/www.fleurschailly.ch\/?s={search_term_string}"},"query-input":{"@type":"PropertyValueSpecification","valueRequired":true,"valueName":"search_term_string"}}],"inLanguage":"en-US"},{"@type":"Organization","@id":"https:\/\/www.fleurschailly.ch\/#organization","name":"Pont de Chailly Fleurs","url":"https:\/\/www.fleurschailly.ch\/","logo":{"@type":"ImageObject","inLanguage":"en-US","@id":"https:\/\/www.fleurschailly.ch\/#\/schema\/logo\/image\/","url":"https:\/\/www.fleurschailly.ch\/wp-content\/uploads\/pont-de-chailly-fleurs-logo.png","contentUrl":"https:\/\/www.fleurschailly.ch\/wp-content\/uploads\/pont-de-chailly-fleurs-logo.png","width":1200,"height":1177,"caption":"Pont de Chailly Fleurs"},"image":{"@id":"https:\/\/www.fleurschailly.ch\/#\/schema\/logo\/image\/"},"sameAs":["https:\/\/www.facebook.com\/fleurschailly\/","https:\/\/www.instagram.com\/pontdechaillyfleurs\/","https:\/\/www.youtube.com\/watch?v=R3f2uducHoQ"]}]}},"_links":{"self":[{"href":"https:\/\/www.fleurschailly.ch\/en\/wp-json\/wp\/v2\/product\/5557","targetHints":{"allow":["GET"]}}],"collection":[{"href":"https:\/\/www.fleurschailly.ch\/en\/wp-json\/wp\/v2\/product"}],"about":[{"href":"https:\/\/www.fleurschailly.ch\/en\/wp-json\/wp\/v2\/types\/product"}],"wp:featuredmedia":[{"embeddable":true,"href":"https:\/\/www.fleurschailly.ch\/en\/wp-json\/wp\/v2\/media\/5559"}],"wp:attachment":[{"href":"https:\/\/www.fleurschailly.ch\/en\/wp-json\/wp\/v2\/media?parent=5557"}],"wp:term":[{"taxonomy":"product_brand","embeddable":true,"href":"https:\/\/www.fleurschailly.ch\/en\/wp-json\/wp\/v2\/product_brand?post=5557"},{"taxonomy":"product_cat","embeddable":true,"href":"https:\/\/www.fleurschailly.ch\/en\/wp-json\/wp\/v2\/product_cat?post=5557"},{"taxonomy":"product_tag","embeddable":true,"href":"https:\/\/www.fleurschailly.ch\/en\/wp-json\/wp\/v2\/product_tag?post=5557"}],"curies":[{"name":"wp","href":"https:\/\/api.w.org\/{rel}","templated":true}]}}