{"id":2279,"date":"2018-10-26T16:58:04","date_gmt":"2018-10-26T14:58:04","guid":{"rendered":"https:\/\/www.fleurschailly.ch\/produit\/colorful-floral-design\/"},"modified":"2026-04-22T15:13:50","modified_gmt":"2026-04-22T13:13:50","slug":"colorful-floral-design","status":"publish","type":"product","link":"https:\/\/www.fleurschailly.ch\/en\/produit\/colorful-floral-design\/","title":{"rendered":"Colorful floral design"},"content":{"rendered":"<p>Each <strong>flower design<\/strong> is proudly created and tastefully composed by our team of professionals florists. A regular watering of the floral foam will optimize its longevity.<\/p>\n<p><strong>Perfect<\/strong> for a low maintenance floral gift. Floral arrangement are made with <strong>seasonal blooms<\/strong> throughout the year.<\/p>\n","protected":false},"excerpt":{"rendered":"<p>Each <strong>flower design<\/strong> is proudly created and tastefully composed by our team of professionals florists. A regular watering of the floral foam will optimize its longevity.<\/p>\n<p><strong>Perfect<\/strong> for a low maintenance floral gift. Floral arrangement are made with <strong>seasonal blooms<\/strong> throughout the year.<\/p>\n","protected":false},"featured_media":2286,"template":"","meta":[],"product_brand":[],"product_cat":[47,43],"product_tag":[],"class_list":{"0":"post-2279","1":"product","2":"type-product","3":"status-publish","4":"has-post-thumbnail","6":"product_cat-floral-designs","7":"product_cat-home-page-line-2","9":"tm-has-options","11":"first","12":"instock","13":"taxable","14":"shipping-taxable","15":"purchasable","16":"product-type-simple"},"yoast_head":"<!-- This site is optimized with the Yoast SEO plugin v27.4 - https:\/\/yoast.com\/product\/yoast-seo-wordpress\/ -->\n<title>Colorful floral design | Pont de Chailly Fleurs | Artisan fleuriste \u00e0 Lausanne<\/title>\n<meta name=\"robots\" content=\"index, follow, max-snippet:-1, max-image-preview:large, max-video-preview:-1\" \/>\n<link rel=\"canonical\" href=\"https:\/\/www.fleurschailly.ch\/en\/produit\/colorful-floral-design\/\" \/>\n<meta property=\"og:locale\" content=\"en_US\" \/>\n<meta property=\"og:type\" content=\"article\" \/>\n<meta property=\"og:title\" content=\"Colorful floral design | Pont de Chailly Fleurs | Artisan fleuriste \u00e0 Lausanne\" \/>\n<meta property=\"og:description\" content=\"Each flower design is proudly created and tastefully composed by our team of professionals florists. A regular watering of the floral foam will optimize its longevity.  Perfect for a low maintenance floral gift. Floral arrangement are made with seasonal blooms throughout the year.\" \/>\n<meta property=\"og:url\" content=\"https:\/\/www.fleurschailly.ch\/en\/produit\/colorful-floral-design\/\" \/>\n<meta property=\"og:site_name\" content=\"Pont de Chailly Fleurs | Artisan fleuriste \u00e0 Lausanne\" \/>\n<meta property=\"article:publisher\" content=\"https:\/\/www.facebook.com\/fleurschailly\/\" \/>\n<meta property=\"article:modified_time\" content=\"2026-04-22T13:13:50+00:00\" \/>\n<meta property=\"og:image\" content=\"https:\/\/www.fleurschailly.ch\/wp-content\/uploads\/Chailly-Fleurs-Fleuriste-Lausanne-9981-e1559137550376.jpg\" \/>\n\t<meta property=\"og:image:width\" content=\"960\" \/>\n\t<meta property=\"og:image:height\" content=\"960\" \/>\n\t<meta property=\"og:image:type\" content=\"image\/jpeg\" \/>\n<meta name=\"twitter:card\" content=\"summary_large_image\" \/>\n<meta name=\"twitter:label1\" content=\"Est. reading time\" \/>\n\t<meta name=\"twitter:data1\" content=\"1 minute\" \/>\n<script type=\"application\/ld+json\" class=\"yoast-schema-graph\">{\"@context\":\"https:\\\/\\\/schema.org\",\"@graph\":[{\"@type\":\"WebPage\",\"@id\":\"https:\\\/\\\/www.fleurschailly.ch\\\/en\\\/produit\\\/colorful-floral-design\\\/\",\"url\":\"https:\\\/\\\/www.fleurschailly.ch\\\/en\\\/produit\\\/colorful-floral-design\\\/\",\"name\":\"Colorful floral design | Pont de Chailly Fleurs | Artisan fleuriste \u00e0 Lausanne\",\"isPartOf\":{\"@id\":\"https:\\\/\\\/www.fleurschailly.ch\\\/#website\"},\"primaryImageOfPage\":{\"@id\":\"https:\\\/\\\/www.fleurschailly.ch\\\/en\\\/produit\\\/colorful-floral-design\\\/#primaryimage\"},\"image\":{\"@id\":\"https:\\\/\\\/www.fleurschailly.ch\\\/en\\\/produit\\\/colorful-floral-design\\\/#primaryimage\"},\"thumbnailUrl\":\"https:\\\/\\\/www.fleurschailly.ch\\\/wp-content\\\/uploads\\\/Chailly-Fleurs-Fleuriste-Lausanne-9981-e1559137550376.jpg\",\"datePublished\":\"2018-10-26T14:58:04+00:00\",\"dateModified\":\"2026-04-22T13:13:50+00:00\",\"breadcrumb\":{\"@id\":\"https:\\\/\\\/www.fleurschailly.ch\\\/en\\\/produit\\\/colorful-floral-design\\\/#breadcrumb\"},\"inLanguage\":\"en-US\",\"potentialAction\":[{\"@type\":\"ReadAction\",\"target\":[\"https:\\\/\\\/www.fleurschailly.ch\\\/en\\\/produit\\\/colorful-floral-design\\\/\"]}]},{\"@type\":\"ImageObject\",\"inLanguage\":\"en-US\",\"@id\":\"https:\\\/\\\/www.fleurschailly.ch\\\/en\\\/produit\\\/colorful-floral-design\\\/#primaryimage\",\"url\":\"https:\\\/\\\/www.fleurschailly.ch\\\/wp-content\\\/uploads\\\/Chailly-Fleurs-Fleuriste-Lausanne-9981-e1559137550376.jpg\",\"contentUrl\":\"https:\\\/\\\/www.fleurschailly.ch\\\/wp-content\\\/uploads\\\/Chailly-Fleurs-Fleuriste-Lausanne-9981-e1559137550376.jpg\",\"width\":960,\"height\":960},{\"@type\":\"BreadcrumbList\",\"@id\":\"https:\\\/\\\/www.fleurschailly.ch\\\/en\\\/produit\\\/colorful-floral-design\\\/#breadcrumb\",\"itemListElement\":[{\"@type\":\"ListItem\",\"position\":1,\"name\":\"Accueil\",\"item\":\"https:\\\/\\\/www.fleurschailly.ch\\\/en\\\/\"},{\"@type\":\"ListItem\",\"position\":2,\"name\":\"Shop\",\"item\":\"https:\\\/\\\/www.fleurschailly.ch\\\/en\\\/webshop\\\/\"},{\"@type\":\"ListItem\",\"position\":3,\"name\":\"Colorful floral design\"}]},{\"@type\":\"WebSite\",\"@id\":\"https:\\\/\\\/www.fleurschailly.ch\\\/#website\",\"url\":\"https:\\\/\\\/www.fleurschailly.ch\\\/\",\"name\":\"Pont de Chailly Fleurs | Artisan fleuriste \u00e0 Lausanne\",\"description\":\"Fleurs fra\u00eeches, plantes, terrariums et cadeaux toute l&#039;ann\u00e9e. Commande en ligne 7\\\/7 et livraison express \u00e0 Lausanne et environs.\",\"publisher\":{\"@id\":\"https:\\\/\\\/www.fleurschailly.ch\\\/#organization\"},\"potentialAction\":[{\"@type\":\"SearchAction\",\"target\":{\"@type\":\"EntryPoint\",\"urlTemplate\":\"https:\\\/\\\/www.fleurschailly.ch\\\/?s={search_term_string}\"},\"query-input\":{\"@type\":\"PropertyValueSpecification\",\"valueRequired\":true,\"valueName\":\"search_term_string\"}}],\"inLanguage\":\"en-US\"},{\"@type\":\"Organization\",\"@id\":\"https:\\\/\\\/www.fleurschailly.ch\\\/#organization\",\"name\":\"Pont de Chailly Fleurs\",\"url\":\"https:\\\/\\\/www.fleurschailly.ch\\\/\",\"logo\":{\"@type\":\"ImageObject\",\"inLanguage\":\"en-US\",\"@id\":\"https:\\\/\\\/www.fleurschailly.ch\\\/#\\\/schema\\\/logo\\\/image\\\/\",\"url\":\"https:\\\/\\\/www.fleurschailly.ch\\\/wp-content\\\/uploads\\\/pont-de-chailly-fleurs-logo.png\",\"contentUrl\":\"https:\\\/\\\/www.fleurschailly.ch\\\/wp-content\\\/uploads\\\/pont-de-chailly-fleurs-logo.png\",\"width\":1200,\"height\":1177,\"caption\":\"Pont de Chailly Fleurs\"},\"image\":{\"@id\":\"https:\\\/\\\/www.fleurschailly.ch\\\/#\\\/schema\\\/logo\\\/image\\\/\"},\"sameAs\":[\"https:\\\/\\\/www.facebook.com\\\/fleurschailly\\\/\",\"https:\\\/\\\/www.instagram.com\\\/pontdechaillyfleurs\\\/\",\"https:\\\/\\\/www.youtube.com\\\/watch?v=R3f2uducHoQ\"]}]}<\/script>\n<!-- \/ Yoast SEO plugin. -->","yoast_head_json":{"title":"Colorful floral design | Pont de Chailly Fleurs | Artisan fleuriste \u00e0 Lausanne","robots":{"index":"index","follow":"follow","max-snippet":"max-snippet:-1","max-image-preview":"max-image-preview:large","max-video-preview":"max-video-preview:-1"},"canonical":"https:\/\/www.fleurschailly.ch\/en\/produit\/colorful-floral-design\/","og_locale":"en_US","og_type":"article","og_title":"Colorful floral design | Pont de Chailly Fleurs | Artisan fleuriste \u00e0 Lausanne","og_description":"Each flower design is proudly created and tastefully composed by our team of professionals florists. A regular watering of the floral foam will optimize its longevity.  Perfect for a low maintenance floral gift. Floral arrangement are made with seasonal blooms throughout the year.","og_url":"https:\/\/www.fleurschailly.ch\/en\/produit\/colorful-floral-design\/","og_site_name":"Pont de Chailly Fleurs | Artisan fleuriste \u00e0 Lausanne","article_publisher":"https:\/\/www.facebook.com\/fleurschailly\/","article_modified_time":"2026-04-22T13:13:50+00:00","og_image":[{"width":960,"height":960,"url":"https:\/\/www.fleurschailly.ch\/wp-content\/uploads\/Chailly-Fleurs-Fleuriste-Lausanne-9981-e1559137550376.jpg","type":"image\/jpeg"}],"twitter_card":"summary_large_image","twitter_misc":{"Est. reading time":"1 minute"},"schema":{"@context":"https:\/\/schema.org","@graph":[{"@type":"WebPage","@id":"https:\/\/www.fleurschailly.ch\/en\/produit\/colorful-floral-design\/","url":"https:\/\/www.fleurschailly.ch\/en\/produit\/colorful-floral-design\/","name":"Colorful floral design | Pont de Chailly Fleurs | Artisan fleuriste \u00e0 Lausanne","isPartOf":{"@id":"https:\/\/www.fleurschailly.ch\/#website"},"primaryImageOfPage":{"@id":"https:\/\/www.fleurschailly.ch\/en\/produit\/colorful-floral-design\/#primaryimage"},"image":{"@id":"https:\/\/www.fleurschailly.ch\/en\/produit\/colorful-floral-design\/#primaryimage"},"thumbnailUrl":"https:\/\/www.fleurschailly.ch\/wp-content\/uploads\/Chailly-Fleurs-Fleuriste-Lausanne-9981-e1559137550376.jpg","datePublished":"2018-10-26T14:58:04+00:00","dateModified":"2026-04-22T13:13:50+00:00","breadcrumb":{"@id":"https:\/\/www.fleurschailly.ch\/en\/produit\/colorful-floral-design\/#breadcrumb"},"inLanguage":"en-US","potentialAction":[{"@type":"ReadAction","target":["https:\/\/www.fleurschailly.ch\/en\/produit\/colorful-floral-design\/"]}]},{"@type":"ImageObject","inLanguage":"en-US","@id":"https:\/\/www.fleurschailly.ch\/en\/produit\/colorful-floral-design\/#primaryimage","url":"https:\/\/www.fleurschailly.ch\/wp-content\/uploads\/Chailly-Fleurs-Fleuriste-Lausanne-9981-e1559137550376.jpg","contentUrl":"https:\/\/www.fleurschailly.ch\/wp-content\/uploads\/Chailly-Fleurs-Fleuriste-Lausanne-9981-e1559137550376.jpg","width":960,"height":960},{"@type":"BreadcrumbList","@id":"https:\/\/www.fleurschailly.ch\/en\/produit\/colorful-floral-design\/#breadcrumb","itemListElement":[{"@type":"ListItem","position":1,"name":"Accueil","item":"https:\/\/www.fleurschailly.ch\/en\/"},{"@type":"ListItem","position":2,"name":"Shop","item":"https:\/\/www.fleurschailly.ch\/en\/webshop\/"},{"@type":"ListItem","position":3,"name":"Colorful floral design"}]},{"@type":"WebSite","@id":"https:\/\/www.fleurschailly.ch\/#website","url":"https:\/\/www.fleurschailly.ch\/","name":"Pont de Chailly Fleurs | Artisan fleuriste \u00e0 Lausanne","description":"Fleurs fra\u00eeches, plantes, terrariums et cadeaux toute l&#039;ann\u00e9e. Commande en ligne 7\/7 et livraison express \u00e0 Lausanne et environs.","publisher":{"@id":"https:\/\/www.fleurschailly.ch\/#organization"},"potentialAction":[{"@type":"SearchAction","target":{"@type":"EntryPoint","urlTemplate":"https:\/\/www.fleurschailly.ch\/?s={search_term_string}"},"query-input":{"@type":"PropertyValueSpecification","valueRequired":true,"valueName":"search_term_string"}}],"inLanguage":"en-US"},{"@type":"Organization","@id":"https:\/\/www.fleurschailly.ch\/#organization","name":"Pont de Chailly Fleurs","url":"https:\/\/www.fleurschailly.ch\/","logo":{"@type":"ImageObject","inLanguage":"en-US","@id":"https:\/\/www.fleurschailly.ch\/#\/schema\/logo\/image\/","url":"https:\/\/www.fleurschailly.ch\/wp-content\/uploads\/pont-de-chailly-fleurs-logo.png","contentUrl":"https:\/\/www.fleurschailly.ch\/wp-content\/uploads\/pont-de-chailly-fleurs-logo.png","width":1200,"height":1177,"caption":"Pont de Chailly Fleurs"},"image":{"@id":"https:\/\/www.fleurschailly.ch\/#\/schema\/logo\/image\/"},"sameAs":["https:\/\/www.facebook.com\/fleurschailly\/","https:\/\/www.instagram.com\/pontdechaillyfleurs\/","https:\/\/www.youtube.com\/watch?v=R3f2uducHoQ"]}]}},"_links":{"self":[{"href":"https:\/\/www.fleurschailly.ch\/en\/wp-json\/wp\/v2\/product\/2279","targetHints":{"allow":["GET"]}}],"collection":[{"href":"https:\/\/www.fleurschailly.ch\/en\/wp-json\/wp\/v2\/product"}],"about":[{"href":"https:\/\/www.fleurschailly.ch\/en\/wp-json\/wp\/v2\/types\/product"}],"wp:featuredmedia":[{"embeddable":true,"href":"https:\/\/www.fleurschailly.ch\/en\/wp-json\/wp\/v2\/media\/2286"}],"wp:attachment":[{"href":"https:\/\/www.fleurschailly.ch\/en\/wp-json\/wp\/v2\/media?parent=2279"}],"wp:term":[{"taxonomy":"product_brand","embeddable":true,"href":"https:\/\/www.fleurschailly.ch\/en\/wp-json\/wp\/v2\/product_brand?post=2279"},{"taxonomy":"product_cat","embeddable":true,"href":"https:\/\/www.fleurschailly.ch\/en\/wp-json\/wp\/v2\/product_cat?post=2279"},{"taxonomy":"product_tag","embeddable":true,"href":"https:\/\/www.fleurschailly.ch\/en\/wp-json\/wp\/v2\/product_tag?post=2279"}],"curies":[{"name":"wp","href":"https:\/\/api.w.org\/{rel}","templated":true}]}}