{"id":2252,"date":"2018-11-13T16:51:07","date_gmt":"2018-11-13T15:51:07","guid":{"rendered":"https:\/\/www.fleurschailly.ch\/produit\/orange-roses-bouquet\/"},"modified":"2026-04-22T17:40:17","modified_gmt":"2026-04-22T15:40:17","slug":"orange-roses-bouquet","status":"publish","type":"product","link":"https:\/\/www.fleurschailly.ch\/en\/produit\/orange-roses-bouquet\/","title":{"rendered":"Orange roses bouquet"},"content":{"rendered":"<p data-start=\"160\" data-end=\"459\">Vibrant and radiant, <strong data-start=\"181\" data-end=\"197\">orange roses<\/strong> symbolize enthusiasm, energy, and joie de vivre. Their warm, glowing hue adds a touch of dynamism and originality to every bouquet.<br data-start=\"329\" data-end=\"332\" \/>Carefully selected according to availability, our orange roses combine <strong data-start=\"403\" data-end=\"416\">freshness<\/strong>, <strong data-start=\"418\" data-end=\"429\">quality<\/strong>, and <strong data-start=\"435\" data-end=\"458\">excellent longevity<\/strong>.<\/p>\n<p data-start=\"461\" data-end=\"654\">\ud83d\udc90 <strong data-start=\"464\" data-end=\"477\">Features:<\/strong><br data-start=\"477\" data-end=\"480\" \/>\u2013 Variety: depending on availability<br data-start=\"516\" data-end=\"519\" \/>\u2013 Color: Bright orange with subtle copper tones<br data-start=\"566\" data-end=\"569\" \/>\u2013 Stem length: <strong data-start=\"584\" data-end=\"601\">minimum 60 cm<\/strong><br data-start=\"601\" data-end=\"604\" \/>\u2013 Elegant, well-shaped blooms<br data-start=\"633\" data-end=\"636\" \/>\u2013 Good vase life<\/p>\n<p data-start=\"656\" data-end=\"788\">\ud83c\udf81 <strong data-start=\"659\" data-end=\"675\">Perfect for:<\/strong><br data-start=\"675\" data-end=\"678\" \/>Birthdays, congratulations, thank-you gifts, friendship messages, or simply to add a burst of color and cheer.<\/p>\n<p data-start=\"790\" data-end=\"955\">\u2728 Each bouquet is handcrafted by our florists.<br data-start=\"836\" data-end=\"839\" \/>Slight variations may occur depending on the season and flower availability, ensuring each creation is truly unique.<\/p>\n<p data-start=\"957\" data-end=\"1011\"><em data-start=\"957\" data-end=\"1011\">(Non-contractual photos \u2013 presentation suggestions.)<\/em><\/p>\n","protected":false},"excerpt":{"rendered":"<p data-start=\"160\" data-end=\"459\">Vibrant and radiant, <strong data-start=\"181\" data-end=\"197\">orange roses<\/strong> symbolize enthusiasm, energy, and joie de vivre. Their warm, glowing hue adds a touch of dynamism and originality to every bouquet.<br data-start=\"329\" data-end=\"332\" \/>Carefully selected according to availability, our orange roses combine <strong data-start=\"403\" data-end=\"416\">freshness<\/strong>, <strong data-start=\"418\" data-end=\"429\">quality<\/strong>, and <strong data-start=\"435\" data-end=\"458\">excellent longevity<\/strong>.<\/p>\n<p data-start=\"461\" data-end=\"654\">\ud83d\udc90 <strong data-start=\"464\" data-end=\"477\">Features:<\/strong><br data-start=\"477\" data-end=\"480\" \/>\u2013 Variety: depending on availability<br data-start=\"516\" data-end=\"519\" \/>\u2013 Color: Bright orange with subtle copper tones<br data-start=\"566\" data-end=\"569\" \/>\u2013 Stem length: <strong data-start=\"584\" data-end=\"601\">minimum 60 cm<\/strong><br data-start=\"601\" data-end=\"604\" \/>\u2013 Elegant, well-shaped blooms<br data-start=\"633\" data-end=\"636\" \/>\u2013 Good vase life<\/p>\n<p data-start=\"656\" data-end=\"788\">\ud83c\udf81 <strong data-start=\"659\" data-end=\"675\">Perfect for:<\/strong><br data-start=\"675\" data-end=\"678\" \/>Birthdays, congratulations, thank-you gifts, friendship messages, or simply to add a burst of color and cheer.<\/p>\n<p data-start=\"790\" data-end=\"955\">\u2728 Each bouquet is handcrafted by our florists.<br data-start=\"836\" data-end=\"839\" \/>Slight variations may occur depending on the season and flower availability, ensuring each creation is truly unique.<\/p>\n<p data-start=\"957\" data-end=\"1011\"><em data-start=\"957\" data-end=\"1011\">(Non-contractual photos \u2013 presentation suggestions.)<\/em><\/p>\n","protected":false},"featured_media":2253,"template":"","meta":[],"product_brand":[],"product_cat":[44,45],"product_tag":[],"class_list":{"0":"post-2252","1":"product","2":"type-product","3":"status-publish","4":"has-post-thumbnail","6":"product_cat-homepage","7":"product_cat-roses-en","9":"tm-has-options","11":"first","12":"instock","13":"taxable","14":"shipping-taxable","15":"purchasable","16":"product-type-simple"},"yoast_head":"<!-- This site is optimized with the Yoast SEO plugin v27.4 - https:\/\/yoast.com\/product\/yoast-seo-wordpress\/ -->\n<title>Orange roses bouquet | Pont de Chailly Fleurs | Artisan fleuriste \u00e0 Lausanne<\/title>\n<meta name=\"robots\" content=\"index, follow, max-snippet:-1, max-image-preview:large, max-video-preview:-1\" \/>\n<link rel=\"canonical\" href=\"https:\/\/www.fleurschailly.ch\/en\/produit\/orange-roses-bouquet\/\" \/>\n<meta property=\"og:locale\" content=\"en_US\" \/>\n<meta property=\"og:type\" content=\"article\" \/>\n<meta property=\"og:title\" content=\"Orange roses bouquet | Pont de Chailly Fleurs | Artisan fleuriste \u00e0 Lausanne\" \/>\n<meta property=\"og:description\" content=\"Vibrant and radiant, orange roses symbolize enthusiasm, energy, and joie de vivre. Their warm, glowing hue adds a touch of dynamism and originality to every bouquet.Carefully selected according to availability, our orange roses combine freshness, quality, and excellent longevity. \ud83d\udc90 Features:\u2013 Variety: depending on availability\u2013 Color: Bright orange with subtle copper tones\u2013 Stem length: minimum 60 cm\u2013 Elegant, well-shaped blooms\u2013 Good vase life \ud83c\udf81 Perfect for:Birthdays, congratulations, thank-you gifts, friendship messages, or simply to add a burst of color and cheer. \u2728 Each bouquet is handcrafted by our florists.Slight variations may occur depending on the season and flower availability, ensuring each creation is truly unique. (Non-contractual photos \u2013 presentation suggestions.)\" \/>\n<meta property=\"og:url\" content=\"https:\/\/www.fleurschailly.ch\/en\/produit\/orange-roses-bouquet\/\" \/>\n<meta property=\"og:site_name\" content=\"Pont de Chailly Fleurs | Artisan fleuriste \u00e0 Lausanne\" \/>\n<meta property=\"article:publisher\" content=\"https:\/\/www.facebook.com\/fleurschailly\/\" \/>\n<meta property=\"article:modified_time\" content=\"2026-04-22T15:40:17+00:00\" \/>\n<meta property=\"og:image\" content=\"https:\/\/www.fleurschailly.ch\/wp-content\/uploads\/Pont_de_Chailly_Fleurs_Atelier_Fleuriste_Lausanne_Novembre_2018_21.jpg\" \/>\n\t<meta property=\"og:image:width\" content=\"1200\" \/>\n\t<meta property=\"og:image:height\" content=\"1200\" \/>\n\t<meta property=\"og:image:type\" content=\"image\/jpeg\" \/>\n<meta name=\"twitter:card\" content=\"summary_large_image\" \/>\n<meta name=\"twitter:label1\" content=\"Est. reading time\" \/>\n\t<meta name=\"twitter:data1\" content=\"1 minute\" \/>\n<script type=\"application\/ld+json\" class=\"yoast-schema-graph\">{\"@context\":\"https:\\\/\\\/schema.org\",\"@graph\":[{\"@type\":\"WebPage\",\"@id\":\"https:\\\/\\\/www.fleurschailly.ch\\\/en\\\/produit\\\/orange-roses-bouquet\\\/\",\"url\":\"https:\\\/\\\/www.fleurschailly.ch\\\/en\\\/produit\\\/orange-roses-bouquet\\\/\",\"name\":\"Orange roses bouquet | Pont de Chailly Fleurs | Artisan fleuriste \u00e0 Lausanne\",\"isPartOf\":{\"@id\":\"https:\\\/\\\/www.fleurschailly.ch\\\/#website\"},\"primaryImageOfPage\":{\"@id\":\"https:\\\/\\\/www.fleurschailly.ch\\\/en\\\/produit\\\/orange-roses-bouquet\\\/#primaryimage\"},\"image\":{\"@id\":\"https:\\\/\\\/www.fleurschailly.ch\\\/en\\\/produit\\\/orange-roses-bouquet\\\/#primaryimage\"},\"thumbnailUrl\":\"https:\\\/\\\/www.fleurschailly.ch\\\/wp-content\\\/uploads\\\/Pont_de_Chailly_Fleurs_Atelier_Fleuriste_Lausanne_Novembre_2018_21.jpg\",\"datePublished\":\"2018-11-13T15:51:07+00:00\",\"dateModified\":\"2026-04-22T15:40:17+00:00\",\"breadcrumb\":{\"@id\":\"https:\\\/\\\/www.fleurschailly.ch\\\/en\\\/produit\\\/orange-roses-bouquet\\\/#breadcrumb\"},\"inLanguage\":\"en-US\",\"potentialAction\":[{\"@type\":\"ReadAction\",\"target\":[\"https:\\\/\\\/www.fleurschailly.ch\\\/en\\\/produit\\\/orange-roses-bouquet\\\/\"]}]},{\"@type\":\"ImageObject\",\"inLanguage\":\"en-US\",\"@id\":\"https:\\\/\\\/www.fleurschailly.ch\\\/en\\\/produit\\\/orange-roses-bouquet\\\/#primaryimage\",\"url\":\"https:\\\/\\\/www.fleurschailly.ch\\\/wp-content\\\/uploads\\\/Pont_de_Chailly_Fleurs_Atelier_Fleuriste_Lausanne_Novembre_2018_21.jpg\",\"contentUrl\":\"https:\\\/\\\/www.fleurschailly.ch\\\/wp-content\\\/uploads\\\/Pont_de_Chailly_Fleurs_Atelier_Fleuriste_Lausanne_Novembre_2018_21.jpg\",\"width\":1200,\"height\":1200},{\"@type\":\"BreadcrumbList\",\"@id\":\"https:\\\/\\\/www.fleurschailly.ch\\\/en\\\/produit\\\/orange-roses-bouquet\\\/#breadcrumb\",\"itemListElement\":[{\"@type\":\"ListItem\",\"position\":1,\"name\":\"Accueil\",\"item\":\"https:\\\/\\\/www.fleurschailly.ch\\\/en\\\/\"},{\"@type\":\"ListItem\",\"position\":2,\"name\":\"Shop\",\"item\":\"https:\\\/\\\/www.fleurschailly.ch\\\/en\\\/webshop\\\/\"},{\"@type\":\"ListItem\",\"position\":3,\"name\":\"Orange roses bouquet\"}]},{\"@type\":\"WebSite\",\"@id\":\"https:\\\/\\\/www.fleurschailly.ch\\\/#website\",\"url\":\"https:\\\/\\\/www.fleurschailly.ch\\\/\",\"name\":\"Pont de Chailly Fleurs | Artisan fleuriste \u00e0 Lausanne\",\"description\":\"Fleurs fra\u00eeches, plantes, terrariums et cadeaux toute l&#039;ann\u00e9e. Commande en ligne 7\\\/7 et livraison express \u00e0 Lausanne et environs.\",\"publisher\":{\"@id\":\"https:\\\/\\\/www.fleurschailly.ch\\\/#organization\"},\"potentialAction\":[{\"@type\":\"SearchAction\",\"target\":{\"@type\":\"EntryPoint\",\"urlTemplate\":\"https:\\\/\\\/www.fleurschailly.ch\\\/?s={search_term_string}\"},\"query-input\":{\"@type\":\"PropertyValueSpecification\",\"valueRequired\":true,\"valueName\":\"search_term_string\"}}],\"inLanguage\":\"en-US\"},{\"@type\":\"Organization\",\"@id\":\"https:\\\/\\\/www.fleurschailly.ch\\\/#organization\",\"name\":\"Pont de Chailly Fleurs\",\"url\":\"https:\\\/\\\/www.fleurschailly.ch\\\/\",\"logo\":{\"@type\":\"ImageObject\",\"inLanguage\":\"en-US\",\"@id\":\"https:\\\/\\\/www.fleurschailly.ch\\\/#\\\/schema\\\/logo\\\/image\\\/\",\"url\":\"https:\\\/\\\/www.fleurschailly.ch\\\/wp-content\\\/uploads\\\/pont-de-chailly-fleurs-logo.png\",\"contentUrl\":\"https:\\\/\\\/www.fleurschailly.ch\\\/wp-content\\\/uploads\\\/pont-de-chailly-fleurs-logo.png\",\"width\":1200,\"height\":1177,\"caption\":\"Pont de Chailly Fleurs\"},\"image\":{\"@id\":\"https:\\\/\\\/www.fleurschailly.ch\\\/#\\\/schema\\\/logo\\\/image\\\/\"},\"sameAs\":[\"https:\\\/\\\/www.facebook.com\\\/fleurschailly\\\/\",\"https:\\\/\\\/www.instagram.com\\\/pontdechaillyfleurs\\\/\",\"https:\\\/\\\/www.youtube.com\\\/watch?v=R3f2uducHoQ\"]}]}<\/script>\n<!-- \/ Yoast SEO plugin. -->","yoast_head_json":{"title":"Orange roses bouquet | Pont de Chailly Fleurs | Artisan fleuriste \u00e0 Lausanne","robots":{"index":"index","follow":"follow","max-snippet":"max-snippet:-1","max-image-preview":"max-image-preview:large","max-video-preview":"max-video-preview:-1"},"canonical":"https:\/\/www.fleurschailly.ch\/en\/produit\/orange-roses-bouquet\/","og_locale":"en_US","og_type":"article","og_title":"Orange roses bouquet | Pont de Chailly Fleurs | Artisan fleuriste \u00e0 Lausanne","og_description":"Vibrant and radiant, orange roses symbolize enthusiasm, energy, and joie de vivre. Their warm, glowing hue adds a touch of dynamism and originality to every bouquet.Carefully selected according to availability, our orange roses combine freshness, quality, and excellent longevity. \ud83d\udc90 Features:\u2013 Variety: depending on availability\u2013 Color: Bright orange with subtle copper tones\u2013 Stem length: minimum 60 cm\u2013 Elegant, well-shaped blooms\u2013 Good vase life \ud83c\udf81 Perfect for:Birthdays, congratulations, thank-you gifts, friendship messages, or simply to add a burst of color and cheer. \u2728 Each bouquet is handcrafted by our florists.Slight variations may occur depending on the season and flower availability, ensuring each creation is truly unique. (Non-contractual photos \u2013 presentation suggestions.)","og_url":"https:\/\/www.fleurschailly.ch\/en\/produit\/orange-roses-bouquet\/","og_site_name":"Pont de Chailly Fleurs | Artisan fleuriste \u00e0 Lausanne","article_publisher":"https:\/\/www.facebook.com\/fleurschailly\/","article_modified_time":"2026-04-22T15:40:17+00:00","og_image":[{"width":1200,"height":1200,"url":"https:\/\/www.fleurschailly.ch\/wp-content\/uploads\/Pont_de_Chailly_Fleurs_Atelier_Fleuriste_Lausanne_Novembre_2018_21.jpg","type":"image\/jpeg"}],"twitter_card":"summary_large_image","twitter_misc":{"Est. reading time":"1 minute"},"schema":{"@context":"https:\/\/schema.org","@graph":[{"@type":"WebPage","@id":"https:\/\/www.fleurschailly.ch\/en\/produit\/orange-roses-bouquet\/","url":"https:\/\/www.fleurschailly.ch\/en\/produit\/orange-roses-bouquet\/","name":"Orange roses bouquet | Pont de Chailly Fleurs | Artisan fleuriste \u00e0 Lausanne","isPartOf":{"@id":"https:\/\/www.fleurschailly.ch\/#website"},"primaryImageOfPage":{"@id":"https:\/\/www.fleurschailly.ch\/en\/produit\/orange-roses-bouquet\/#primaryimage"},"image":{"@id":"https:\/\/www.fleurschailly.ch\/en\/produit\/orange-roses-bouquet\/#primaryimage"},"thumbnailUrl":"https:\/\/www.fleurschailly.ch\/wp-content\/uploads\/Pont_de_Chailly_Fleurs_Atelier_Fleuriste_Lausanne_Novembre_2018_21.jpg","datePublished":"2018-11-13T15:51:07+00:00","dateModified":"2026-04-22T15:40:17+00:00","breadcrumb":{"@id":"https:\/\/www.fleurschailly.ch\/en\/produit\/orange-roses-bouquet\/#breadcrumb"},"inLanguage":"en-US","potentialAction":[{"@type":"ReadAction","target":["https:\/\/www.fleurschailly.ch\/en\/produit\/orange-roses-bouquet\/"]}]},{"@type":"ImageObject","inLanguage":"en-US","@id":"https:\/\/www.fleurschailly.ch\/en\/produit\/orange-roses-bouquet\/#primaryimage","url":"https:\/\/www.fleurschailly.ch\/wp-content\/uploads\/Pont_de_Chailly_Fleurs_Atelier_Fleuriste_Lausanne_Novembre_2018_21.jpg","contentUrl":"https:\/\/www.fleurschailly.ch\/wp-content\/uploads\/Pont_de_Chailly_Fleurs_Atelier_Fleuriste_Lausanne_Novembre_2018_21.jpg","width":1200,"height":1200},{"@type":"BreadcrumbList","@id":"https:\/\/www.fleurschailly.ch\/en\/produit\/orange-roses-bouquet\/#breadcrumb","itemListElement":[{"@type":"ListItem","position":1,"name":"Accueil","item":"https:\/\/www.fleurschailly.ch\/en\/"},{"@type":"ListItem","position":2,"name":"Shop","item":"https:\/\/www.fleurschailly.ch\/en\/webshop\/"},{"@type":"ListItem","position":3,"name":"Orange roses bouquet"}]},{"@type":"WebSite","@id":"https:\/\/www.fleurschailly.ch\/#website","url":"https:\/\/www.fleurschailly.ch\/","name":"Pont de Chailly Fleurs | Artisan fleuriste \u00e0 Lausanne","description":"Fleurs fra\u00eeches, plantes, terrariums et cadeaux toute l&#039;ann\u00e9e. Commande en ligne 7\/7 et livraison express \u00e0 Lausanne et environs.","publisher":{"@id":"https:\/\/www.fleurschailly.ch\/#organization"},"potentialAction":[{"@type":"SearchAction","target":{"@type":"EntryPoint","urlTemplate":"https:\/\/www.fleurschailly.ch\/?s={search_term_string}"},"query-input":{"@type":"PropertyValueSpecification","valueRequired":true,"valueName":"search_term_string"}}],"inLanguage":"en-US"},{"@type":"Organization","@id":"https:\/\/www.fleurschailly.ch\/#organization","name":"Pont de Chailly Fleurs","url":"https:\/\/www.fleurschailly.ch\/","logo":{"@type":"ImageObject","inLanguage":"en-US","@id":"https:\/\/www.fleurschailly.ch\/#\/schema\/logo\/image\/","url":"https:\/\/www.fleurschailly.ch\/wp-content\/uploads\/pont-de-chailly-fleurs-logo.png","contentUrl":"https:\/\/www.fleurschailly.ch\/wp-content\/uploads\/pont-de-chailly-fleurs-logo.png","width":1200,"height":1177,"caption":"Pont de Chailly Fleurs"},"image":{"@id":"https:\/\/www.fleurschailly.ch\/#\/schema\/logo\/image\/"},"sameAs":["https:\/\/www.facebook.com\/fleurschailly\/","https:\/\/www.instagram.com\/pontdechaillyfleurs\/","https:\/\/www.youtube.com\/watch?v=R3f2uducHoQ"]}]}},"_links":{"self":[{"href":"https:\/\/www.fleurschailly.ch\/en\/wp-json\/wp\/v2\/product\/2252","targetHints":{"allow":["GET"]}}],"collection":[{"href":"https:\/\/www.fleurschailly.ch\/en\/wp-json\/wp\/v2\/product"}],"about":[{"href":"https:\/\/www.fleurschailly.ch\/en\/wp-json\/wp\/v2\/types\/product"}],"wp:featuredmedia":[{"embeddable":true,"href":"https:\/\/www.fleurschailly.ch\/en\/wp-json\/wp\/v2\/media\/2253"}],"wp:attachment":[{"href":"https:\/\/www.fleurschailly.ch\/en\/wp-json\/wp\/v2\/media?parent=2252"}],"wp:term":[{"taxonomy":"product_brand","embeddable":true,"href":"https:\/\/www.fleurschailly.ch\/en\/wp-json\/wp\/v2\/product_brand?post=2252"},{"taxonomy":"product_cat","embeddable":true,"href":"https:\/\/www.fleurschailly.ch\/en\/wp-json\/wp\/v2\/product_cat?post=2252"},{"taxonomy":"product_tag","embeddable":true,"href":"https:\/\/www.fleurschailly.ch\/en\/wp-json\/wp\/v2\/product_tag?post=2252"}],"curies":[{"name":"wp","href":"https:\/\/api.w.org\/{rel}","templated":true}]}}