{"id":2241,"date":"2018-11-13T16:55:58","date_gmt":"2018-11-13T15:55:58","guid":{"rendered":"https:\/\/www.fleurschailly.ch\/produit\/2241\/"},"modified":"2026-04-04T14:21:31","modified_gmt":"2026-04-04T12:21:31","slug":"white-roses-bouquet","status":"publish","type":"product","link":"https:\/\/www.fleurschailly.ch\/en\/produit\/white-roses-bouquet\/","title":{"rendered":"White roses bouquet"},"content":{"rendered":"<p data-start=\"172\" data-end=\"505\">A symbol of <strong data-start=\"184\" data-end=\"194\">purity<\/strong>, <strong data-start=\"196\" data-end=\"208\">elegance<\/strong>, and <strong data-start=\"214\" data-end=\"227\">sincerity<\/strong>, the <strong data-start=\"233\" data-end=\"246\">Avalanche<\/strong> white rose captivates with its <strong data-start=\"278\" data-end=\"296\">generous bloom<\/strong>, <strong data-start=\"298\" data-end=\"321\">brilliant white hue<\/strong>, and <strong data-start=\"327\" data-end=\"351\">remarkable longevity<\/strong>.<br data-start=\"352\" data-end=\"355\" \/>Carefully selected, our <strong data-start=\"379\" data-end=\"404\" data-is-only-node=\"\">Avalanche white roses<\/strong> (or an equivalent variety, depending on availability) offer premium quality and excellent vase life.<\/p>\n<p data-start=\"507\" data-end=\"675\">\ud83d\udc90 <strong data-start=\"510\" data-end=\"523\">Features:<\/strong><br data-start=\"523\" data-end=\"526\" \/>\u2013 Variety: <strong data-start=\"537\" data-end=\"550\">Avalanche<\/strong> (or equivalent)<br data-start=\"566\" data-end=\"569\" \/>\u2013 Color: Pure white<br data-start=\"588\" data-end=\"591\" \/>\u2013 Stem length: <strong data-start=\"606\" data-end=\"623\">minimum 70 cm<\/strong><br data-start=\"623\" data-end=\"626\" \/>\u2013 Large, elegant blooms<br data-start=\"649\" data-end=\"652\" \/>\u2013 Excellent vase life<\/p>\n<p data-start=\"677\" data-end=\"810\">\ud83c\udf81 <strong data-start=\"680\" data-end=\"696\">Perfect for:<\/strong><br data-start=\"696\" data-end=\"699\" \/>Weddings, ceremonies, birthdays, thank-you gifts, or any occasion where elegance and emotion take center stage.<\/p>\n<p data-start=\"812\" data-end=\"977\">\u2728 Each bouquet is handcrafted by our florists.<br data-start=\"858\" data-end=\"861\" \/>Slight variations may occur depending on the season and flower availability, ensuring each creation is truly unique.<\/p>\n<p data-start=\"979\" data-end=\"1033\"><em data-start=\"979\" data-end=\"1033\">(Non-contractual photos \u2013 presentation suggestions.)<\/em><\/p>\n","protected":false},"excerpt":{"rendered":"<p data-start=\"172\" data-end=\"505\">A symbol of <strong data-start=\"184\" data-end=\"194\">purity<\/strong>, <strong data-start=\"196\" data-end=\"208\">elegance<\/strong>, and <strong data-start=\"214\" data-end=\"227\">sincerity<\/strong>, the <strong data-start=\"233\" data-end=\"246\">Avalanche<\/strong> white rose captivates with its <strong data-start=\"278\" data-end=\"296\">generous bloom<\/strong>, <strong data-start=\"298\" data-end=\"321\">brilliant white hue<\/strong>, and <strong data-start=\"327\" data-end=\"351\">remarkable longevity<\/strong>.<br data-start=\"352\" data-end=\"355\" \/>Carefully selected, our <strong data-start=\"379\" data-end=\"404\" data-is-only-node=\"\">Avalanche white roses<\/strong> (or an equivalent variety, depending on availability) offer premium quality and excellent vase life.<\/p>\n<p data-start=\"507\" data-end=\"675\">\ud83d\udc90 <strong data-start=\"510\" data-end=\"523\">Features:<\/strong><br data-start=\"523\" data-end=\"526\" \/>\u2013 Variety: <strong data-start=\"537\" data-end=\"550\">Avalanche<\/strong> (or equivalent)<br data-start=\"566\" data-end=\"569\" \/>\u2013 Color: Pure white<br data-start=\"588\" data-end=\"591\" \/>\u2013 Stem length: <strong data-start=\"606\" data-end=\"623\">minimum 70 cm<\/strong><br data-start=\"623\" data-end=\"626\" \/>\u2013 Large, elegant blooms<br data-start=\"649\" data-end=\"652\" \/>\u2013 Excellent vase life<\/p>\n<p data-start=\"677\" data-end=\"810\">\ud83c\udf81 <strong data-start=\"680\" data-end=\"696\">Perfect for:<\/strong><br data-start=\"696\" data-end=\"699\" \/>Weddings, ceremonies, birthdays, thank-you gifts, or any occasion where elegance and emotion take center stage.<\/p>\n<p data-start=\"812\" data-end=\"977\">\u2728 Each bouquet is handcrafted by our florists.<br data-start=\"858\" data-end=\"861\" \/>Slight variations may occur depending on the season and flower availability, ensuring each creation is truly unique.<\/p>\n<p data-start=\"979\" data-end=\"1033\"><em data-start=\"979\" data-end=\"1033\">(Non-contractual photos \u2013 presentation suggestions.)<\/em><\/p>\n","protected":false},"featured_media":2251,"template":"","meta":[],"product_brand":[],"product_cat":[44,45],"product_tag":[],"class_list":{"0":"post-2241","1":"product","2":"type-product","3":"status-publish","4":"has-post-thumbnail","6":"product_cat-homepage","7":"product_cat-roses-en","9":"tm-has-options","11":"first","12":"instock","13":"taxable","14":"shipping-taxable","15":"purchasable","16":"product-type-simple"},"yoast_head":"<!-- This site is optimized with the Yoast SEO plugin v27.4 - https:\/\/yoast.com\/product\/yoast-seo-wordpress\/ -->\n<title>White roses bouquet | Pont de Chailly Fleurs | Artisan fleuriste \u00e0 Lausanne<\/title>\n<meta name=\"robots\" content=\"index, follow, max-snippet:-1, max-image-preview:large, max-video-preview:-1\" \/>\n<link rel=\"canonical\" href=\"https:\/\/www.fleurschailly.ch\/en\/produit\/white-roses-bouquet\/\" \/>\n<meta property=\"og:locale\" content=\"en_US\" \/>\n<meta property=\"og:type\" content=\"article\" \/>\n<meta property=\"og:title\" content=\"White roses bouquet | Pont de Chailly Fleurs | Artisan fleuriste \u00e0 Lausanne\" \/>\n<meta property=\"og:description\" content=\"A symbol of purity, elegance, and sincerity, the Avalanche white rose captivates with its generous bloom, brilliant white hue, and remarkable longevity.Carefully selected, our Avalanche white roses (or an equivalent variety, depending on availability) offer premium quality and excellent vase life. \ud83d\udc90 Features:\u2013 Variety: Avalanche (or equivalent)\u2013 Color: Pure white\u2013 Stem length: minimum 70 cm\u2013 Large, elegant blooms\u2013 Excellent vase life \ud83c\udf81 Perfect for:Weddings, ceremonies, birthdays, thank-you gifts, or any occasion where elegance and emotion take center stage. \u2728 Each bouquet is handcrafted by our florists.Slight variations may occur depending on the season and flower availability, ensuring each creation is truly unique. (Non-contractual photos \u2013 presentation suggestions.)\" \/>\n<meta property=\"og:url\" content=\"https:\/\/www.fleurschailly.ch\/en\/produit\/white-roses-bouquet\/\" \/>\n<meta property=\"og:site_name\" content=\"Pont de Chailly Fleurs | Artisan fleuriste \u00e0 Lausanne\" \/>\n<meta property=\"article:publisher\" content=\"https:\/\/www.facebook.com\/fleurschailly\/\" \/>\n<meta property=\"article:modified_time\" content=\"2026-04-04T12:21:31+00:00\" \/>\n<meta property=\"og:image\" content=\"https:\/\/www.fleurschailly.ch\/wp-content\/uploads\/Pont_de_Chailly_Fleurs_Atelier_Fleuriste_Lausanne_Novembre_2018_58.jpg\" \/>\n\t<meta property=\"og:image:width\" content=\"1200\" \/>\n\t<meta property=\"og:image:height\" content=\"1200\" \/>\n\t<meta property=\"og:image:type\" content=\"image\/jpeg\" \/>\n<meta name=\"twitter:card\" content=\"summary_large_image\" \/>\n<meta name=\"twitter:label1\" content=\"Est. reading time\" \/>\n\t<meta name=\"twitter:data1\" content=\"1 minute\" \/>\n<script type=\"application\/ld+json\" class=\"yoast-schema-graph\">{\"@context\":\"https:\\\/\\\/schema.org\",\"@graph\":[{\"@type\":\"WebPage\",\"@id\":\"https:\\\/\\\/www.fleurschailly.ch\\\/en\\\/produit\\\/white-roses-bouquet\\\/\",\"url\":\"https:\\\/\\\/www.fleurschailly.ch\\\/en\\\/produit\\\/white-roses-bouquet\\\/\",\"name\":\"White roses bouquet | Pont de Chailly Fleurs | Artisan fleuriste \u00e0 Lausanne\",\"isPartOf\":{\"@id\":\"https:\\\/\\\/www.fleurschailly.ch\\\/#website\"},\"primaryImageOfPage\":{\"@id\":\"https:\\\/\\\/www.fleurschailly.ch\\\/en\\\/produit\\\/white-roses-bouquet\\\/#primaryimage\"},\"image\":{\"@id\":\"https:\\\/\\\/www.fleurschailly.ch\\\/en\\\/produit\\\/white-roses-bouquet\\\/#primaryimage\"},\"thumbnailUrl\":\"https:\\\/\\\/www.fleurschailly.ch\\\/wp-content\\\/uploads\\\/Pont_de_Chailly_Fleurs_Atelier_Fleuriste_Lausanne_Novembre_2018_58.jpg\",\"datePublished\":\"2018-11-13T15:55:58+00:00\",\"dateModified\":\"2026-04-04T12:21:31+00:00\",\"breadcrumb\":{\"@id\":\"https:\\\/\\\/www.fleurschailly.ch\\\/en\\\/produit\\\/white-roses-bouquet\\\/#breadcrumb\"},\"inLanguage\":\"en-US\",\"potentialAction\":[{\"@type\":\"ReadAction\",\"target\":[\"https:\\\/\\\/www.fleurschailly.ch\\\/en\\\/produit\\\/white-roses-bouquet\\\/\"]}]},{\"@type\":\"ImageObject\",\"inLanguage\":\"en-US\",\"@id\":\"https:\\\/\\\/www.fleurschailly.ch\\\/en\\\/produit\\\/white-roses-bouquet\\\/#primaryimage\",\"url\":\"https:\\\/\\\/www.fleurschailly.ch\\\/wp-content\\\/uploads\\\/Pont_de_Chailly_Fleurs_Atelier_Fleuriste_Lausanne_Novembre_2018_58.jpg\",\"contentUrl\":\"https:\\\/\\\/www.fleurschailly.ch\\\/wp-content\\\/uploads\\\/Pont_de_Chailly_Fleurs_Atelier_Fleuriste_Lausanne_Novembre_2018_58.jpg\",\"width\":1200,\"height\":1200},{\"@type\":\"BreadcrumbList\",\"@id\":\"https:\\\/\\\/www.fleurschailly.ch\\\/en\\\/produit\\\/white-roses-bouquet\\\/#breadcrumb\",\"itemListElement\":[{\"@type\":\"ListItem\",\"position\":1,\"name\":\"Accueil\",\"item\":\"https:\\\/\\\/www.fleurschailly.ch\\\/en\\\/\"},{\"@type\":\"ListItem\",\"position\":2,\"name\":\"Shop\",\"item\":\"https:\\\/\\\/www.fleurschailly.ch\\\/en\\\/webshop\\\/\"},{\"@type\":\"ListItem\",\"position\":3,\"name\":\"White roses bouquet\"}]},{\"@type\":\"WebSite\",\"@id\":\"https:\\\/\\\/www.fleurschailly.ch\\\/#website\",\"url\":\"https:\\\/\\\/www.fleurschailly.ch\\\/\",\"name\":\"Pont de Chailly Fleurs | Artisan fleuriste \u00e0 Lausanne\",\"description\":\"Fleurs fra\u00eeches, plantes, terrariums et cadeaux toute l&#039;ann\u00e9e. Commande en ligne 7\\\/7 et livraison express \u00e0 Lausanne et environs.\",\"publisher\":{\"@id\":\"https:\\\/\\\/www.fleurschailly.ch\\\/#organization\"},\"potentialAction\":[{\"@type\":\"SearchAction\",\"target\":{\"@type\":\"EntryPoint\",\"urlTemplate\":\"https:\\\/\\\/www.fleurschailly.ch\\\/?s={search_term_string}\"},\"query-input\":{\"@type\":\"PropertyValueSpecification\",\"valueRequired\":true,\"valueName\":\"search_term_string\"}}],\"inLanguage\":\"en-US\"},{\"@type\":\"Organization\",\"@id\":\"https:\\\/\\\/www.fleurschailly.ch\\\/#organization\",\"name\":\"Pont de Chailly Fleurs\",\"url\":\"https:\\\/\\\/www.fleurschailly.ch\\\/\",\"logo\":{\"@type\":\"ImageObject\",\"inLanguage\":\"en-US\",\"@id\":\"https:\\\/\\\/www.fleurschailly.ch\\\/#\\\/schema\\\/logo\\\/image\\\/\",\"url\":\"https:\\\/\\\/www.fleurschailly.ch\\\/wp-content\\\/uploads\\\/pont-de-chailly-fleurs-logo.png\",\"contentUrl\":\"https:\\\/\\\/www.fleurschailly.ch\\\/wp-content\\\/uploads\\\/pont-de-chailly-fleurs-logo.png\",\"width\":1200,\"height\":1177,\"caption\":\"Pont de Chailly Fleurs\"},\"image\":{\"@id\":\"https:\\\/\\\/www.fleurschailly.ch\\\/#\\\/schema\\\/logo\\\/image\\\/\"},\"sameAs\":[\"https:\\\/\\\/www.facebook.com\\\/fleurschailly\\\/\",\"https:\\\/\\\/www.instagram.com\\\/pontdechaillyfleurs\\\/\",\"https:\\\/\\\/www.youtube.com\\\/watch?v=R3f2uducHoQ\"]}]}<\/script>\n<!-- \/ Yoast SEO plugin. -->","yoast_head_json":{"title":"White roses bouquet | Pont de Chailly Fleurs | Artisan fleuriste \u00e0 Lausanne","robots":{"index":"index","follow":"follow","max-snippet":"max-snippet:-1","max-image-preview":"max-image-preview:large","max-video-preview":"max-video-preview:-1"},"canonical":"https:\/\/www.fleurschailly.ch\/en\/produit\/white-roses-bouquet\/","og_locale":"en_US","og_type":"article","og_title":"White roses bouquet | Pont de Chailly Fleurs | Artisan fleuriste \u00e0 Lausanne","og_description":"A symbol of purity, elegance, and sincerity, the Avalanche white rose captivates with its generous bloom, brilliant white hue, and remarkable longevity.Carefully selected, our Avalanche white roses (or an equivalent variety, depending on availability) offer premium quality and excellent vase life. \ud83d\udc90 Features:\u2013 Variety: Avalanche (or equivalent)\u2013 Color: Pure white\u2013 Stem length: minimum 70 cm\u2013 Large, elegant blooms\u2013 Excellent vase life \ud83c\udf81 Perfect for:Weddings, ceremonies, birthdays, thank-you gifts, or any occasion where elegance and emotion take center stage. \u2728 Each bouquet is handcrafted by our florists.Slight variations may occur depending on the season and flower availability, ensuring each creation is truly unique. (Non-contractual photos \u2013 presentation suggestions.)","og_url":"https:\/\/www.fleurschailly.ch\/en\/produit\/white-roses-bouquet\/","og_site_name":"Pont de Chailly Fleurs | Artisan fleuriste \u00e0 Lausanne","article_publisher":"https:\/\/www.facebook.com\/fleurschailly\/","article_modified_time":"2026-04-04T12:21:31+00:00","og_image":[{"width":1200,"height":1200,"url":"https:\/\/www.fleurschailly.ch\/wp-content\/uploads\/Pont_de_Chailly_Fleurs_Atelier_Fleuriste_Lausanne_Novembre_2018_58.jpg","type":"image\/jpeg"}],"twitter_card":"summary_large_image","twitter_misc":{"Est. reading time":"1 minute"},"schema":{"@context":"https:\/\/schema.org","@graph":[{"@type":"WebPage","@id":"https:\/\/www.fleurschailly.ch\/en\/produit\/white-roses-bouquet\/","url":"https:\/\/www.fleurschailly.ch\/en\/produit\/white-roses-bouquet\/","name":"White roses bouquet | Pont de Chailly Fleurs | Artisan fleuriste \u00e0 Lausanne","isPartOf":{"@id":"https:\/\/www.fleurschailly.ch\/#website"},"primaryImageOfPage":{"@id":"https:\/\/www.fleurschailly.ch\/en\/produit\/white-roses-bouquet\/#primaryimage"},"image":{"@id":"https:\/\/www.fleurschailly.ch\/en\/produit\/white-roses-bouquet\/#primaryimage"},"thumbnailUrl":"https:\/\/www.fleurschailly.ch\/wp-content\/uploads\/Pont_de_Chailly_Fleurs_Atelier_Fleuriste_Lausanne_Novembre_2018_58.jpg","datePublished":"2018-11-13T15:55:58+00:00","dateModified":"2026-04-04T12:21:31+00:00","breadcrumb":{"@id":"https:\/\/www.fleurschailly.ch\/en\/produit\/white-roses-bouquet\/#breadcrumb"},"inLanguage":"en-US","potentialAction":[{"@type":"ReadAction","target":["https:\/\/www.fleurschailly.ch\/en\/produit\/white-roses-bouquet\/"]}]},{"@type":"ImageObject","inLanguage":"en-US","@id":"https:\/\/www.fleurschailly.ch\/en\/produit\/white-roses-bouquet\/#primaryimage","url":"https:\/\/www.fleurschailly.ch\/wp-content\/uploads\/Pont_de_Chailly_Fleurs_Atelier_Fleuriste_Lausanne_Novembre_2018_58.jpg","contentUrl":"https:\/\/www.fleurschailly.ch\/wp-content\/uploads\/Pont_de_Chailly_Fleurs_Atelier_Fleuriste_Lausanne_Novembre_2018_58.jpg","width":1200,"height":1200},{"@type":"BreadcrumbList","@id":"https:\/\/www.fleurschailly.ch\/en\/produit\/white-roses-bouquet\/#breadcrumb","itemListElement":[{"@type":"ListItem","position":1,"name":"Accueil","item":"https:\/\/www.fleurschailly.ch\/en\/"},{"@type":"ListItem","position":2,"name":"Shop","item":"https:\/\/www.fleurschailly.ch\/en\/webshop\/"},{"@type":"ListItem","position":3,"name":"White roses bouquet"}]},{"@type":"WebSite","@id":"https:\/\/www.fleurschailly.ch\/#website","url":"https:\/\/www.fleurschailly.ch\/","name":"Pont de Chailly Fleurs | Artisan fleuriste \u00e0 Lausanne","description":"Fleurs fra\u00eeches, plantes, terrariums et cadeaux toute l&#039;ann\u00e9e. Commande en ligne 7\/7 et livraison express \u00e0 Lausanne et environs.","publisher":{"@id":"https:\/\/www.fleurschailly.ch\/#organization"},"potentialAction":[{"@type":"SearchAction","target":{"@type":"EntryPoint","urlTemplate":"https:\/\/www.fleurschailly.ch\/?s={search_term_string}"},"query-input":{"@type":"PropertyValueSpecification","valueRequired":true,"valueName":"search_term_string"}}],"inLanguage":"en-US"},{"@type":"Organization","@id":"https:\/\/www.fleurschailly.ch\/#organization","name":"Pont de Chailly Fleurs","url":"https:\/\/www.fleurschailly.ch\/","logo":{"@type":"ImageObject","inLanguage":"en-US","@id":"https:\/\/www.fleurschailly.ch\/#\/schema\/logo\/image\/","url":"https:\/\/www.fleurschailly.ch\/wp-content\/uploads\/pont-de-chailly-fleurs-logo.png","contentUrl":"https:\/\/www.fleurschailly.ch\/wp-content\/uploads\/pont-de-chailly-fleurs-logo.png","width":1200,"height":1177,"caption":"Pont de Chailly Fleurs"},"image":{"@id":"https:\/\/www.fleurschailly.ch\/#\/schema\/logo\/image\/"},"sameAs":["https:\/\/www.facebook.com\/fleurschailly\/","https:\/\/www.instagram.com\/pontdechaillyfleurs\/","https:\/\/www.youtube.com\/watch?v=R3f2uducHoQ"]}]}},"_links":{"self":[{"href":"https:\/\/www.fleurschailly.ch\/en\/wp-json\/wp\/v2\/product\/2241","targetHints":{"allow":["GET"]}}],"collection":[{"href":"https:\/\/www.fleurschailly.ch\/en\/wp-json\/wp\/v2\/product"}],"about":[{"href":"https:\/\/www.fleurschailly.ch\/en\/wp-json\/wp\/v2\/types\/product"}],"wp:featuredmedia":[{"embeddable":true,"href":"https:\/\/www.fleurschailly.ch\/en\/wp-json\/wp\/v2\/media\/2251"}],"wp:attachment":[{"href":"https:\/\/www.fleurschailly.ch\/en\/wp-json\/wp\/v2\/media?parent=2241"}],"wp:term":[{"taxonomy":"product_brand","embeddable":true,"href":"https:\/\/www.fleurschailly.ch\/en\/wp-json\/wp\/v2\/product_brand?post=2241"},{"taxonomy":"product_cat","embeddable":true,"href":"https:\/\/www.fleurschailly.ch\/en\/wp-json\/wp\/v2\/product_cat?post=2241"},{"taxonomy":"product_tag","embeddable":true,"href":"https:\/\/www.fleurschailly.ch\/en\/wp-json\/wp\/v2\/product_tag?post=2241"}],"curies":[{"name":"wp","href":"https:\/\/api.w.org\/{rel}","templated":true}]}}