{"id":2222,"date":"2018-11-13T17:07:16","date_gmt":"2018-11-13T16:07:16","guid":{"rendered":"https:\/\/www.fleurschailly.ch\/produit\/red-roses-bouquet\/"},"modified":"2026-04-30T16:06:28","modified_gmt":"2026-04-30T14:06:28","slug":"red-roses-bouquet","status":"publish","type":"product","link":"https:\/\/www.fleurschailly.ch\/en\/produit\/red-roses-bouquet\/","title":{"rendered":"Red roses bouquet"},"content":{"rendered":"<p data-start=\"168\" data-end=\"424\">A timeless symbol of love and passion, the <strong data-start=\"211\" data-end=\"224\">Red Naomi<\/strong> red rose captivates with its <strong data-start=\"254\" data-end=\"272\">generous bloom<\/strong>, <strong data-start=\"274\" data-end=\"300\">deep velvety red color<\/strong>, and <strong data-start=\"306\" data-end=\"328\">delicate fragrance<\/strong>.<br data-start=\"329\" data-end=\"332\" \/>Carefully selected, our <strong data-start=\"356\" data-end=\"375\">Red Naomi roses<\/strong> offer exceptional longevity and premium quality.<\/p>\n<p data-start=\"426\" data-end=\"589\">\ud83d\udc90 <strong data-start=\"429\" data-end=\"442\">Features:<\/strong><br data-start=\"442\" data-end=\"445\" \/>\u2013 Variety: <strong data-start=\"456\" data-end=\"469\">Red Naomi<\/strong><br data-start=\"469\" data-end=\"472\" \/>\u2013 Color: <strong data-start=\"481\" data-end=\"496\">Intense red<\/strong><br data-start=\"496\" data-end=\"499\" \/>\u2013 Stem length: <strong data-start=\"514\" data-end=\"531\">minimum 70 cm<\/strong><br data-start=\"531\" data-end=\"534\" \/>\u2013 Large, elegant blooms<br data-start=\"557\" data-end=\"560\" \/>\u2013 Subtle, refined fragrance<\/p>\n<p data-start=\"591\" data-end=\"715\">\ud83c\udf81 <strong data-start=\"594\" data-end=\"610\">Perfect for:<\/strong><br data-start=\"610\" data-end=\"613\" \/>Declarations of love, birthdays, marriage proposals, or any occasion where emotion takes center stage.<\/p>\n<p data-start=\"717\" data-end=\"882\">\u2728 Each bouquet is handcrafted by our florists.<br data-start=\"763\" data-end=\"766\" \/>Slight variations may occur depending on the season and flower availability, ensuring each creation is truly unique.<\/p>\n<p data-start=\"884\" data-end=\"938\"><em data-start=\"884\" data-end=\"938\">(Non-contractual photos \u2013 presentation suggestions.)<\/em><\/p>\n","protected":false},"excerpt":{"rendered":"<p data-start=\"168\" data-end=\"424\">A timeless symbol of love and passion, the <strong data-start=\"211\" data-end=\"224\">Red Naomi<\/strong> red rose captivates with its <strong data-start=\"254\" data-end=\"272\">generous bloom<\/strong>, <strong data-start=\"274\" data-end=\"300\">deep velvety red color<\/strong>, and <strong data-start=\"306\" data-end=\"328\">delicate fragrance<\/strong>.<br data-start=\"329\" data-end=\"332\" \/>Carefully selected, our <strong data-start=\"356\" data-end=\"375\">Red Naomi roses<\/strong> offer exceptional longevity and premium quality.<\/p>\n<p data-start=\"426\" data-end=\"589\">\ud83d\udc90 <strong data-start=\"429\" data-end=\"442\">Features:<\/strong><br data-start=\"442\" data-end=\"445\" \/>\u2013 Variety: <strong data-start=\"456\" data-end=\"469\">Red Naomi<\/strong><br data-start=\"469\" data-end=\"472\" \/>\u2013 Color: <strong data-start=\"481\" data-end=\"496\">Intense red<\/strong><br data-start=\"496\" data-end=\"499\" \/>\u2013 Stem length: <strong data-start=\"514\" data-end=\"531\">minimum 70 cm<\/strong><br data-start=\"531\" data-end=\"534\" \/>\u2013 Large, elegant blooms<br data-start=\"557\" data-end=\"560\" \/>\u2013 Subtle, refined fragrance<\/p>\n<p data-start=\"591\" data-end=\"715\">\ud83c\udf81 <strong data-start=\"594\" data-end=\"610\">Perfect for:<\/strong><br data-start=\"610\" data-end=\"613\" \/>Declarations of love, birthdays, marriage proposals, or any occasion where emotion takes center stage.<\/p>\n<p data-start=\"717\" data-end=\"882\">\u2728 Each bouquet is handcrafted by our florists.<br data-start=\"763\" data-end=\"766\" \/>Slight variations may occur depending on the season and flower availability, ensuring each creation is truly unique.<\/p>\n<p data-start=\"884\" data-end=\"938\"><em data-start=\"884\" data-end=\"938\">(Non-contractual photos \u2013 presentation suggestions.)<\/em><\/p>\n","protected":false},"featured_media":2229,"template":"","meta":[],"product_brand":[],"product_cat":[43,44,45],"product_tag":[],"class_list":{"0":"post-2222","1":"product","2":"type-product","3":"status-publish","4":"has-post-thumbnail","6":"product_cat-home-page-line-2","7":"product_cat-homepage","8":"product_cat-roses-en","10":"tm-has-options","12":"first","13":"instock","14":"taxable","15":"shipping-taxable","16":"purchasable","17":"product-type-simple"},"yoast_head":"<!-- This site is optimized with the Yoast SEO plugin v27.4 - https:\/\/yoast.com\/product\/yoast-seo-wordpress\/ -->\n<title>Red roses bouquet | Pont de Chailly Fleurs | Artisan fleuriste \u00e0 Lausanne<\/title>\n<meta name=\"robots\" content=\"index, follow, max-snippet:-1, max-image-preview:large, max-video-preview:-1\" \/>\n<link rel=\"canonical\" href=\"https:\/\/www.fleurschailly.ch\/en\/produit\/red-roses-bouquet\/\" \/>\n<meta property=\"og:locale\" content=\"en_US\" \/>\n<meta property=\"og:type\" content=\"article\" \/>\n<meta property=\"og:title\" content=\"Red roses bouquet | Pont de Chailly Fleurs | Artisan fleuriste \u00e0 Lausanne\" \/>\n<meta property=\"og:description\" content=\"A timeless symbol of love and passion, the Red Naomi red rose captivates with its generous bloom, deep velvety red color, and delicate fragrance.Carefully selected, our Red Naomi roses offer exceptional longevity and premium quality. \ud83d\udc90 Features:\u2013 Variety: Red Naomi\u2013 Color: Intense red\u2013 Stem length: minimum 70 cm\u2013 Large, elegant blooms\u2013 Subtle, refined fragrance \ud83c\udf81 Perfect for:Declarations of love, birthdays, marriage proposals, or any occasion where emotion takes center stage. \u2728 Each bouquet is handcrafted by our florists.Slight variations may occur depending on the season and flower availability, ensuring each creation is truly unique. (Non-contractual photos \u2013 presentation suggestions.)\" \/>\n<meta property=\"og:url\" content=\"https:\/\/www.fleurschailly.ch\/en\/produit\/red-roses-bouquet\/\" \/>\n<meta property=\"og:site_name\" content=\"Pont de Chailly Fleurs | Artisan fleuriste \u00e0 Lausanne\" \/>\n<meta property=\"article:publisher\" content=\"https:\/\/www.facebook.com\/fleurschailly\/\" \/>\n<meta property=\"article:modified_time\" content=\"2026-04-30T14:06:28+00:00\" \/>\n<meta property=\"og:image\" content=\"https:\/\/www.fleurschailly.ch\/wp-content\/uploads\/Pont_de_Chailly_Fleurs_Atelier_Fleuriste_Lausanne_Novembre_2018_99-1.jpg\" \/>\n\t<meta property=\"og:image:width\" content=\"1200\" \/>\n\t<meta property=\"og:image:height\" content=\"1200\" \/>\n\t<meta property=\"og:image:type\" content=\"image\/jpeg\" \/>\n<meta name=\"twitter:card\" content=\"summary_large_image\" \/>\n<meta name=\"twitter:label1\" content=\"Est. reading time\" \/>\n\t<meta name=\"twitter:data1\" content=\"1 minute\" \/>\n<script type=\"application\/ld+json\" class=\"yoast-schema-graph\">{\"@context\":\"https:\\\/\\\/schema.org\",\"@graph\":[{\"@type\":\"WebPage\",\"@id\":\"https:\\\/\\\/www.fleurschailly.ch\\\/en\\\/produit\\\/red-roses-bouquet\\\/\",\"url\":\"https:\\\/\\\/www.fleurschailly.ch\\\/en\\\/produit\\\/red-roses-bouquet\\\/\",\"name\":\"Red roses bouquet | Pont de Chailly Fleurs | Artisan fleuriste \u00e0 Lausanne\",\"isPartOf\":{\"@id\":\"https:\\\/\\\/www.fleurschailly.ch\\\/#website\"},\"primaryImageOfPage\":{\"@id\":\"https:\\\/\\\/www.fleurschailly.ch\\\/en\\\/produit\\\/red-roses-bouquet\\\/#primaryimage\"},\"image\":{\"@id\":\"https:\\\/\\\/www.fleurschailly.ch\\\/en\\\/produit\\\/red-roses-bouquet\\\/#primaryimage\"},\"thumbnailUrl\":\"https:\\\/\\\/www.fleurschailly.ch\\\/wp-content\\\/uploads\\\/Pont_de_Chailly_Fleurs_Atelier_Fleuriste_Lausanne_Novembre_2018_99-1.jpg\",\"datePublished\":\"2018-11-13T16:07:16+00:00\",\"dateModified\":\"2026-04-30T14:06:28+00:00\",\"breadcrumb\":{\"@id\":\"https:\\\/\\\/www.fleurschailly.ch\\\/en\\\/produit\\\/red-roses-bouquet\\\/#breadcrumb\"},\"inLanguage\":\"en-US\",\"potentialAction\":[{\"@type\":\"ReadAction\",\"target\":[\"https:\\\/\\\/www.fleurschailly.ch\\\/en\\\/produit\\\/red-roses-bouquet\\\/\"]}]},{\"@type\":\"ImageObject\",\"inLanguage\":\"en-US\",\"@id\":\"https:\\\/\\\/www.fleurschailly.ch\\\/en\\\/produit\\\/red-roses-bouquet\\\/#primaryimage\",\"url\":\"https:\\\/\\\/www.fleurschailly.ch\\\/wp-content\\\/uploads\\\/Pont_de_Chailly_Fleurs_Atelier_Fleuriste_Lausanne_Novembre_2018_99-1.jpg\",\"contentUrl\":\"https:\\\/\\\/www.fleurschailly.ch\\\/wp-content\\\/uploads\\\/Pont_de_Chailly_Fleurs_Atelier_Fleuriste_Lausanne_Novembre_2018_99-1.jpg\",\"width\":1200,\"height\":1200},{\"@type\":\"BreadcrumbList\",\"@id\":\"https:\\\/\\\/www.fleurschailly.ch\\\/en\\\/produit\\\/red-roses-bouquet\\\/#breadcrumb\",\"itemListElement\":[{\"@type\":\"ListItem\",\"position\":1,\"name\":\"Accueil\",\"item\":\"https:\\\/\\\/www.fleurschailly.ch\\\/en\\\/\"},{\"@type\":\"ListItem\",\"position\":2,\"name\":\"Shop\",\"item\":\"https:\\\/\\\/www.fleurschailly.ch\\\/en\\\/webshop\\\/\"},{\"@type\":\"ListItem\",\"position\":3,\"name\":\"Red roses bouquet\"}]},{\"@type\":\"WebSite\",\"@id\":\"https:\\\/\\\/www.fleurschailly.ch\\\/#website\",\"url\":\"https:\\\/\\\/www.fleurschailly.ch\\\/\",\"name\":\"Pont de Chailly Fleurs | Artisan fleuriste \u00e0 Lausanne\",\"description\":\"Fleurs fra\u00eeches, plantes, terrariums et cadeaux toute l&#039;ann\u00e9e. Commande en ligne 7\\\/7 et livraison express \u00e0 Lausanne et environs.\",\"publisher\":{\"@id\":\"https:\\\/\\\/www.fleurschailly.ch\\\/#organization\"},\"potentialAction\":[{\"@type\":\"SearchAction\",\"target\":{\"@type\":\"EntryPoint\",\"urlTemplate\":\"https:\\\/\\\/www.fleurschailly.ch\\\/?s={search_term_string}\"},\"query-input\":{\"@type\":\"PropertyValueSpecification\",\"valueRequired\":true,\"valueName\":\"search_term_string\"}}],\"inLanguage\":\"en-US\"},{\"@type\":\"Organization\",\"@id\":\"https:\\\/\\\/www.fleurschailly.ch\\\/#organization\",\"name\":\"Pont de Chailly Fleurs\",\"url\":\"https:\\\/\\\/www.fleurschailly.ch\\\/\",\"logo\":{\"@type\":\"ImageObject\",\"inLanguage\":\"en-US\",\"@id\":\"https:\\\/\\\/www.fleurschailly.ch\\\/#\\\/schema\\\/logo\\\/image\\\/\",\"url\":\"https:\\\/\\\/www.fleurschailly.ch\\\/wp-content\\\/uploads\\\/pont-de-chailly-fleurs-logo.png\",\"contentUrl\":\"https:\\\/\\\/www.fleurschailly.ch\\\/wp-content\\\/uploads\\\/pont-de-chailly-fleurs-logo.png\",\"width\":1200,\"height\":1177,\"caption\":\"Pont de Chailly Fleurs\"},\"image\":{\"@id\":\"https:\\\/\\\/www.fleurschailly.ch\\\/#\\\/schema\\\/logo\\\/image\\\/\"},\"sameAs\":[\"https:\\\/\\\/www.facebook.com\\\/fleurschailly\\\/\",\"https:\\\/\\\/www.instagram.com\\\/pontdechaillyfleurs\\\/\",\"https:\\\/\\\/www.youtube.com\\\/watch?v=R3f2uducHoQ\"]}]}<\/script>\n<!-- \/ Yoast SEO plugin. -->","yoast_head_json":{"title":"Red roses bouquet | Pont de Chailly Fleurs | Artisan fleuriste \u00e0 Lausanne","robots":{"index":"index","follow":"follow","max-snippet":"max-snippet:-1","max-image-preview":"max-image-preview:large","max-video-preview":"max-video-preview:-1"},"canonical":"https:\/\/www.fleurschailly.ch\/en\/produit\/red-roses-bouquet\/","og_locale":"en_US","og_type":"article","og_title":"Red roses bouquet | Pont de Chailly Fleurs | Artisan fleuriste \u00e0 Lausanne","og_description":"A timeless symbol of love and passion, the Red Naomi red rose captivates with its generous bloom, deep velvety red color, and delicate fragrance.Carefully selected, our Red Naomi roses offer exceptional longevity and premium quality. \ud83d\udc90 Features:\u2013 Variety: Red Naomi\u2013 Color: Intense red\u2013 Stem length: minimum 70 cm\u2013 Large, elegant blooms\u2013 Subtle, refined fragrance \ud83c\udf81 Perfect for:Declarations of love, birthdays, marriage proposals, or any occasion where emotion takes center stage. \u2728 Each bouquet is handcrafted by our florists.Slight variations may occur depending on the season and flower availability, ensuring each creation is truly unique. (Non-contractual photos \u2013 presentation suggestions.)","og_url":"https:\/\/www.fleurschailly.ch\/en\/produit\/red-roses-bouquet\/","og_site_name":"Pont de Chailly Fleurs | Artisan fleuriste \u00e0 Lausanne","article_publisher":"https:\/\/www.facebook.com\/fleurschailly\/","article_modified_time":"2026-04-30T14:06:28+00:00","og_image":[{"width":1200,"height":1200,"url":"https:\/\/www.fleurschailly.ch\/wp-content\/uploads\/Pont_de_Chailly_Fleurs_Atelier_Fleuriste_Lausanne_Novembre_2018_99-1.jpg","type":"image\/jpeg"}],"twitter_card":"summary_large_image","twitter_misc":{"Est. reading time":"1 minute"},"schema":{"@context":"https:\/\/schema.org","@graph":[{"@type":"WebPage","@id":"https:\/\/www.fleurschailly.ch\/en\/produit\/red-roses-bouquet\/","url":"https:\/\/www.fleurschailly.ch\/en\/produit\/red-roses-bouquet\/","name":"Red roses bouquet | Pont de Chailly Fleurs | Artisan fleuriste \u00e0 Lausanne","isPartOf":{"@id":"https:\/\/www.fleurschailly.ch\/#website"},"primaryImageOfPage":{"@id":"https:\/\/www.fleurschailly.ch\/en\/produit\/red-roses-bouquet\/#primaryimage"},"image":{"@id":"https:\/\/www.fleurschailly.ch\/en\/produit\/red-roses-bouquet\/#primaryimage"},"thumbnailUrl":"https:\/\/www.fleurschailly.ch\/wp-content\/uploads\/Pont_de_Chailly_Fleurs_Atelier_Fleuriste_Lausanne_Novembre_2018_99-1.jpg","datePublished":"2018-11-13T16:07:16+00:00","dateModified":"2026-04-30T14:06:28+00:00","breadcrumb":{"@id":"https:\/\/www.fleurschailly.ch\/en\/produit\/red-roses-bouquet\/#breadcrumb"},"inLanguage":"en-US","potentialAction":[{"@type":"ReadAction","target":["https:\/\/www.fleurschailly.ch\/en\/produit\/red-roses-bouquet\/"]}]},{"@type":"ImageObject","inLanguage":"en-US","@id":"https:\/\/www.fleurschailly.ch\/en\/produit\/red-roses-bouquet\/#primaryimage","url":"https:\/\/www.fleurschailly.ch\/wp-content\/uploads\/Pont_de_Chailly_Fleurs_Atelier_Fleuriste_Lausanne_Novembre_2018_99-1.jpg","contentUrl":"https:\/\/www.fleurschailly.ch\/wp-content\/uploads\/Pont_de_Chailly_Fleurs_Atelier_Fleuriste_Lausanne_Novembre_2018_99-1.jpg","width":1200,"height":1200},{"@type":"BreadcrumbList","@id":"https:\/\/www.fleurschailly.ch\/en\/produit\/red-roses-bouquet\/#breadcrumb","itemListElement":[{"@type":"ListItem","position":1,"name":"Accueil","item":"https:\/\/www.fleurschailly.ch\/en\/"},{"@type":"ListItem","position":2,"name":"Shop","item":"https:\/\/www.fleurschailly.ch\/en\/webshop\/"},{"@type":"ListItem","position":3,"name":"Red roses bouquet"}]},{"@type":"WebSite","@id":"https:\/\/www.fleurschailly.ch\/#website","url":"https:\/\/www.fleurschailly.ch\/","name":"Pont de Chailly Fleurs | Artisan fleuriste \u00e0 Lausanne","description":"Fleurs fra\u00eeches, plantes, terrariums et cadeaux toute l&#039;ann\u00e9e. Commande en ligne 7\/7 et livraison express \u00e0 Lausanne et environs.","publisher":{"@id":"https:\/\/www.fleurschailly.ch\/#organization"},"potentialAction":[{"@type":"SearchAction","target":{"@type":"EntryPoint","urlTemplate":"https:\/\/www.fleurschailly.ch\/?s={search_term_string}"},"query-input":{"@type":"PropertyValueSpecification","valueRequired":true,"valueName":"search_term_string"}}],"inLanguage":"en-US"},{"@type":"Organization","@id":"https:\/\/www.fleurschailly.ch\/#organization","name":"Pont de Chailly Fleurs","url":"https:\/\/www.fleurschailly.ch\/","logo":{"@type":"ImageObject","inLanguage":"en-US","@id":"https:\/\/www.fleurschailly.ch\/#\/schema\/logo\/image\/","url":"https:\/\/www.fleurschailly.ch\/wp-content\/uploads\/pont-de-chailly-fleurs-logo.png","contentUrl":"https:\/\/www.fleurschailly.ch\/wp-content\/uploads\/pont-de-chailly-fleurs-logo.png","width":1200,"height":1177,"caption":"Pont de Chailly Fleurs"},"image":{"@id":"https:\/\/www.fleurschailly.ch\/#\/schema\/logo\/image\/"},"sameAs":["https:\/\/www.facebook.com\/fleurschailly\/","https:\/\/www.instagram.com\/pontdechaillyfleurs\/","https:\/\/www.youtube.com\/watch?v=R3f2uducHoQ"]}]}},"_links":{"self":[{"href":"https:\/\/www.fleurschailly.ch\/en\/wp-json\/wp\/v2\/product\/2222","targetHints":{"allow":["GET"]}}],"collection":[{"href":"https:\/\/www.fleurschailly.ch\/en\/wp-json\/wp\/v2\/product"}],"about":[{"href":"https:\/\/www.fleurschailly.ch\/en\/wp-json\/wp\/v2\/types\/product"}],"wp:featuredmedia":[{"embeddable":true,"href":"https:\/\/www.fleurschailly.ch\/en\/wp-json\/wp\/v2\/media\/2229"}],"wp:attachment":[{"href":"https:\/\/www.fleurschailly.ch\/en\/wp-json\/wp\/v2\/media?parent=2222"}],"wp:term":[{"taxonomy":"product_brand","embeddable":true,"href":"https:\/\/www.fleurschailly.ch\/en\/wp-json\/wp\/v2\/product_brand?post=2222"},{"taxonomy":"product_cat","embeddable":true,"href":"https:\/\/www.fleurschailly.ch\/en\/wp-json\/wp\/v2\/product_cat?post=2222"},{"taxonomy":"product_tag","embeddable":true,"href":"https:\/\/www.fleurschailly.ch\/en\/wp-json\/wp\/v2\/product_tag?post=2222"}],"curies":[{"name":"wp","href":"https:\/\/api.w.org\/{rel}","templated":true}]}}