{"id":2212,"date":"2018-11-13T17:14:45","date_gmt":"2018-11-13T16:14:45","guid":{"rendered":"https:\/\/www.fleurschailly.ch\/produit\/white-red-roses-bouquet\/"},"modified":"2026-02-11T14:53:29","modified_gmt":"2026-02-11T13:53:29","slug":"white-red-roses-bouquet","status":"publish","type":"product","link":"https:\/\/www.fleurschailly.ch\/en\/produit\/white-red-roses-bouquet\/","title":{"rendered":"White &#038; Red roses bouquet"},"content":{"rendered":"<p data-start=\"118\" data-end=\"218\">\u2764\ufe0f\ud83c\udf39 <strong data-start=\"123\" data-end=\"146\">Say it with flowers. <\/strong>Express your feelings with a timeless bouquet of red and white roses.<\/p>\n<p data-start=\"220\" data-end=\"389\">Carefully selected for their <strong data-start=\"249\" data-end=\"266\">intense color<\/strong> and <strong data-start=\"271\" data-end=\"284\">freshness<\/strong>, these roses blend harmoniously to create a <strong data-start=\"329\" data-end=\"350\">striking contrast<\/strong>. A bouquet that never goes unnoticed \u2728<\/p>\n<p data-start=\"391\" data-end=\"449\">\ud83d\udc90 <strong data-start=\"394\" data-end=\"410\">Composition:<\/strong><br data-start=\"410\" data-end=\"413\" \/>Premium-quality red and white roses.<\/p>\n<p data-start=\"451\" data-end=\"565\">\ud83c\udf81 <strong data-start=\"454\" data-end=\"470\">Perfect for:<\/strong><br data-start=\"470\" data-end=\"473\" \/>Declarations of love, birthdays, thank-you gifts, or any occasion when words are not enough.<\/p>\n<p data-start=\"567\" data-end=\"722\">\u2728 Each bouquet is handcrafted by our florists. Slight variations may occur depending on the season and flower availability, making every creation unique.<\/p>\n<p data-start=\"724\" data-end=\"778\"><em data-start=\"724\" data-end=\"778\">(Non-contractual photos \u2013 presentation suggestions.)<\/em><\/p>\n","protected":false},"excerpt":{"rendered":"<p data-start=\"118\" data-end=\"218\">\u2764\ufe0f\ud83c\udf39 <strong data-start=\"123\" data-end=\"146\">Say it with flowers. <\/strong>Express your feelings with a timeless bouquet of red and white roses.<\/p>\n<p data-start=\"220\" data-end=\"389\">Carefully selected for their <strong data-start=\"249\" data-end=\"266\">intense color<\/strong> and <strong data-start=\"271\" data-end=\"284\">freshness<\/strong>, these roses blend harmoniously to create a <strong data-start=\"329\" data-end=\"350\">striking contrast<\/strong>. A bouquet that never goes unnoticed \u2728<\/p>\n<p data-start=\"391\" data-end=\"449\">\ud83d\udc90 <strong data-start=\"394\" data-end=\"410\">Composition:<\/strong><br data-start=\"410\" data-end=\"413\" \/>Premium-quality red and white roses.<\/p>\n<p data-start=\"451\" data-end=\"565\">\ud83c\udf81 <strong data-start=\"454\" data-end=\"470\">Perfect for:<\/strong><br data-start=\"470\" data-end=\"473\" \/>Declarations of love, birthdays, thank-you gifts, or any occasion when words are not enough.<\/p>\n<p data-start=\"567\" data-end=\"722\">\u2728 Each bouquet is handcrafted by our florists. Slight variations may occur depending on the season and flower availability, making every creation unique.<\/p>\n<p data-start=\"724\" data-end=\"778\"><em data-start=\"724\" data-end=\"778\">(Non-contractual photos \u2013 presentation suggestions.)<\/em><\/p>\n","protected":false},"featured_media":2220,"template":"","meta":[],"product_brand":[],"product_cat":[43,44,45],"product_tag":[],"class_list":{"0":"post-2212","1":"product","2":"type-product","3":"status-publish","4":"has-post-thumbnail","6":"product_cat-home-page-line-2","7":"product_cat-homepage","8":"product_cat-roses-en","10":"tm-has-options","12":"first","13":"instock","14":"taxable","15":"shipping-taxable","16":"purchasable","17":"product-type-simple"},"yoast_head":"<!-- This site is optimized with the Yoast SEO plugin v27.4 - https:\/\/yoast.com\/product\/yoast-seo-wordpress\/ -->\n<title>White &amp; Red roses bouquet | Pont de Chailly Fleurs | Artisan fleuriste \u00e0 Lausanne<\/title>\n<meta name=\"robots\" content=\"index, follow, max-snippet:-1, max-image-preview:large, max-video-preview:-1\" \/>\n<link rel=\"canonical\" href=\"https:\/\/www.fleurschailly.ch\/en\/produit\/white-red-roses-bouquet\/\" \/>\n<meta property=\"og:locale\" content=\"en_US\" \/>\n<meta property=\"og:type\" content=\"article\" \/>\n<meta property=\"og:title\" content=\"White &amp; Red roses bouquet | Pont de Chailly Fleurs | Artisan fleuriste \u00e0 Lausanne\" \/>\n<meta property=\"og:description\" content=\"\u2764\ufe0f\ud83c\udf39 Say it with flowers. Express your feelings with a timeless bouquet of red and white roses. Carefully selected for their intense color and freshness, these roses blend harmoniously to create a striking contrast. A bouquet that never goes unnoticed \u2728 \ud83d\udc90 Composition:Premium-quality red and white roses. \ud83c\udf81 Perfect for:Declarations of love, birthdays, thank-you gifts, or any occasion when words are not enough. \u2728 Each bouquet is handcrafted by our florists. Slight variations may occur depending on the season and flower availability, making every creation unique. (Non-contractual photos \u2013 presentation suggestions.)\" \/>\n<meta property=\"og:url\" content=\"https:\/\/www.fleurschailly.ch\/en\/produit\/white-red-roses-bouquet\/\" \/>\n<meta property=\"og:site_name\" content=\"Pont de Chailly Fleurs | Artisan fleuriste \u00e0 Lausanne\" \/>\n<meta property=\"article:publisher\" content=\"https:\/\/www.facebook.com\/fleurschailly\/\" \/>\n<meta property=\"article:modified_time\" content=\"2026-02-11T13:53:29+00:00\" \/>\n<meta property=\"og:image\" content=\"https:\/\/www.fleurschailly.ch\/wp-content\/uploads\/Pont_de_Chailly_Fleurs_Atelier_Fleuriste_Lausanne_Novembre_2018_166-1.jpg\" \/>\n\t<meta property=\"og:image:width\" content=\"1200\" \/>\n\t<meta property=\"og:image:height\" content=\"1200\" \/>\n\t<meta property=\"og:image:type\" content=\"image\/jpeg\" \/>\n<meta name=\"twitter:card\" content=\"summary_large_image\" \/>\n<meta name=\"twitter:label1\" content=\"Est. reading time\" \/>\n\t<meta name=\"twitter:data1\" content=\"1 minute\" \/>\n<script type=\"application\/ld+json\" class=\"yoast-schema-graph\">{\"@context\":\"https:\\\/\\\/schema.org\",\"@graph\":[{\"@type\":\"WebPage\",\"@id\":\"https:\\\/\\\/www.fleurschailly.ch\\\/en\\\/produit\\\/white-red-roses-bouquet\\\/\",\"url\":\"https:\\\/\\\/www.fleurschailly.ch\\\/en\\\/produit\\\/white-red-roses-bouquet\\\/\",\"name\":\"White & Red roses bouquet | Pont de Chailly Fleurs | Artisan fleuriste \u00e0 Lausanne\",\"isPartOf\":{\"@id\":\"https:\\\/\\\/www.fleurschailly.ch\\\/#website\"},\"primaryImageOfPage\":{\"@id\":\"https:\\\/\\\/www.fleurschailly.ch\\\/en\\\/produit\\\/white-red-roses-bouquet\\\/#primaryimage\"},\"image\":{\"@id\":\"https:\\\/\\\/www.fleurschailly.ch\\\/en\\\/produit\\\/white-red-roses-bouquet\\\/#primaryimage\"},\"thumbnailUrl\":\"https:\\\/\\\/www.fleurschailly.ch\\\/wp-content\\\/uploads\\\/Pont_de_Chailly_Fleurs_Atelier_Fleuriste_Lausanne_Novembre_2018_166-1.jpg\",\"datePublished\":\"2018-11-13T16:14:45+00:00\",\"dateModified\":\"2026-02-11T13:53:29+00:00\",\"breadcrumb\":{\"@id\":\"https:\\\/\\\/www.fleurschailly.ch\\\/en\\\/produit\\\/white-red-roses-bouquet\\\/#breadcrumb\"},\"inLanguage\":\"en-US\",\"potentialAction\":[{\"@type\":\"ReadAction\",\"target\":[\"https:\\\/\\\/www.fleurschailly.ch\\\/en\\\/produit\\\/white-red-roses-bouquet\\\/\"]}]},{\"@type\":\"ImageObject\",\"inLanguage\":\"en-US\",\"@id\":\"https:\\\/\\\/www.fleurschailly.ch\\\/en\\\/produit\\\/white-red-roses-bouquet\\\/#primaryimage\",\"url\":\"https:\\\/\\\/www.fleurschailly.ch\\\/wp-content\\\/uploads\\\/Pont_de_Chailly_Fleurs_Atelier_Fleuriste_Lausanne_Novembre_2018_166-1.jpg\",\"contentUrl\":\"https:\\\/\\\/www.fleurschailly.ch\\\/wp-content\\\/uploads\\\/Pont_de_Chailly_Fleurs_Atelier_Fleuriste_Lausanne_Novembre_2018_166-1.jpg\",\"width\":1200,\"height\":1200},{\"@type\":\"BreadcrumbList\",\"@id\":\"https:\\\/\\\/www.fleurschailly.ch\\\/en\\\/produit\\\/white-red-roses-bouquet\\\/#breadcrumb\",\"itemListElement\":[{\"@type\":\"ListItem\",\"position\":1,\"name\":\"Accueil\",\"item\":\"https:\\\/\\\/www.fleurschailly.ch\\\/en\\\/\"},{\"@type\":\"ListItem\",\"position\":2,\"name\":\"Shop\",\"item\":\"https:\\\/\\\/www.fleurschailly.ch\\\/en\\\/webshop\\\/\"},{\"@type\":\"ListItem\",\"position\":3,\"name\":\"White &#038; Red roses bouquet\"}]},{\"@type\":\"WebSite\",\"@id\":\"https:\\\/\\\/www.fleurschailly.ch\\\/#website\",\"url\":\"https:\\\/\\\/www.fleurschailly.ch\\\/\",\"name\":\"Pont de Chailly Fleurs | Artisan fleuriste \u00e0 Lausanne\",\"description\":\"Fleurs fra\u00eeches, plantes, terrariums et cadeaux toute l&#039;ann\u00e9e. Commande en ligne 7\\\/7 et livraison express \u00e0 Lausanne et environs.\",\"publisher\":{\"@id\":\"https:\\\/\\\/www.fleurschailly.ch\\\/#organization\"},\"potentialAction\":[{\"@type\":\"SearchAction\",\"target\":{\"@type\":\"EntryPoint\",\"urlTemplate\":\"https:\\\/\\\/www.fleurschailly.ch\\\/?s={search_term_string}\"},\"query-input\":{\"@type\":\"PropertyValueSpecification\",\"valueRequired\":true,\"valueName\":\"search_term_string\"}}],\"inLanguage\":\"en-US\"},{\"@type\":\"Organization\",\"@id\":\"https:\\\/\\\/www.fleurschailly.ch\\\/#organization\",\"name\":\"Pont de Chailly Fleurs\",\"url\":\"https:\\\/\\\/www.fleurschailly.ch\\\/\",\"logo\":{\"@type\":\"ImageObject\",\"inLanguage\":\"en-US\",\"@id\":\"https:\\\/\\\/www.fleurschailly.ch\\\/#\\\/schema\\\/logo\\\/image\\\/\",\"url\":\"https:\\\/\\\/www.fleurschailly.ch\\\/wp-content\\\/uploads\\\/pont-de-chailly-fleurs-logo.png\",\"contentUrl\":\"https:\\\/\\\/www.fleurschailly.ch\\\/wp-content\\\/uploads\\\/pont-de-chailly-fleurs-logo.png\",\"width\":1200,\"height\":1177,\"caption\":\"Pont de Chailly Fleurs\"},\"image\":{\"@id\":\"https:\\\/\\\/www.fleurschailly.ch\\\/#\\\/schema\\\/logo\\\/image\\\/\"},\"sameAs\":[\"https:\\\/\\\/www.facebook.com\\\/fleurschailly\\\/\",\"https:\\\/\\\/www.instagram.com\\\/pontdechaillyfleurs\\\/\",\"https:\\\/\\\/www.youtube.com\\\/watch?v=R3f2uducHoQ\"]}]}<\/script>\n<!-- \/ Yoast SEO plugin. -->","yoast_head_json":{"title":"White & Red roses bouquet | Pont de Chailly Fleurs | Artisan fleuriste \u00e0 Lausanne","robots":{"index":"index","follow":"follow","max-snippet":"max-snippet:-1","max-image-preview":"max-image-preview:large","max-video-preview":"max-video-preview:-1"},"canonical":"https:\/\/www.fleurschailly.ch\/en\/produit\/white-red-roses-bouquet\/","og_locale":"en_US","og_type":"article","og_title":"White & Red roses bouquet | Pont de Chailly Fleurs | Artisan fleuriste \u00e0 Lausanne","og_description":"\u2764\ufe0f\ud83c\udf39 Say it with flowers. Express your feelings with a timeless bouquet of red and white roses. Carefully selected for their intense color and freshness, these roses blend harmoniously to create a striking contrast. A bouquet that never goes unnoticed \u2728 \ud83d\udc90 Composition:Premium-quality red and white roses. \ud83c\udf81 Perfect for:Declarations of love, birthdays, thank-you gifts, or any occasion when words are not enough. \u2728 Each bouquet is handcrafted by our florists. Slight variations may occur depending on the season and flower availability, making every creation unique. (Non-contractual photos \u2013 presentation suggestions.)","og_url":"https:\/\/www.fleurschailly.ch\/en\/produit\/white-red-roses-bouquet\/","og_site_name":"Pont de Chailly Fleurs | Artisan fleuriste \u00e0 Lausanne","article_publisher":"https:\/\/www.facebook.com\/fleurschailly\/","article_modified_time":"2026-02-11T13:53:29+00:00","og_image":[{"width":1200,"height":1200,"url":"https:\/\/www.fleurschailly.ch\/wp-content\/uploads\/Pont_de_Chailly_Fleurs_Atelier_Fleuriste_Lausanne_Novembre_2018_166-1.jpg","type":"image\/jpeg"}],"twitter_card":"summary_large_image","twitter_misc":{"Est. reading time":"1 minute"},"schema":{"@context":"https:\/\/schema.org","@graph":[{"@type":"WebPage","@id":"https:\/\/www.fleurschailly.ch\/en\/produit\/white-red-roses-bouquet\/","url":"https:\/\/www.fleurschailly.ch\/en\/produit\/white-red-roses-bouquet\/","name":"White & Red roses bouquet | Pont de Chailly Fleurs | Artisan fleuriste \u00e0 Lausanne","isPartOf":{"@id":"https:\/\/www.fleurschailly.ch\/#website"},"primaryImageOfPage":{"@id":"https:\/\/www.fleurschailly.ch\/en\/produit\/white-red-roses-bouquet\/#primaryimage"},"image":{"@id":"https:\/\/www.fleurschailly.ch\/en\/produit\/white-red-roses-bouquet\/#primaryimage"},"thumbnailUrl":"https:\/\/www.fleurschailly.ch\/wp-content\/uploads\/Pont_de_Chailly_Fleurs_Atelier_Fleuriste_Lausanne_Novembre_2018_166-1.jpg","datePublished":"2018-11-13T16:14:45+00:00","dateModified":"2026-02-11T13:53:29+00:00","breadcrumb":{"@id":"https:\/\/www.fleurschailly.ch\/en\/produit\/white-red-roses-bouquet\/#breadcrumb"},"inLanguage":"en-US","potentialAction":[{"@type":"ReadAction","target":["https:\/\/www.fleurschailly.ch\/en\/produit\/white-red-roses-bouquet\/"]}]},{"@type":"ImageObject","inLanguage":"en-US","@id":"https:\/\/www.fleurschailly.ch\/en\/produit\/white-red-roses-bouquet\/#primaryimage","url":"https:\/\/www.fleurschailly.ch\/wp-content\/uploads\/Pont_de_Chailly_Fleurs_Atelier_Fleuriste_Lausanne_Novembre_2018_166-1.jpg","contentUrl":"https:\/\/www.fleurschailly.ch\/wp-content\/uploads\/Pont_de_Chailly_Fleurs_Atelier_Fleuriste_Lausanne_Novembre_2018_166-1.jpg","width":1200,"height":1200},{"@type":"BreadcrumbList","@id":"https:\/\/www.fleurschailly.ch\/en\/produit\/white-red-roses-bouquet\/#breadcrumb","itemListElement":[{"@type":"ListItem","position":1,"name":"Accueil","item":"https:\/\/www.fleurschailly.ch\/en\/"},{"@type":"ListItem","position":2,"name":"Shop","item":"https:\/\/www.fleurschailly.ch\/en\/webshop\/"},{"@type":"ListItem","position":3,"name":"White &#038; Red roses bouquet"}]},{"@type":"WebSite","@id":"https:\/\/www.fleurschailly.ch\/#website","url":"https:\/\/www.fleurschailly.ch\/","name":"Pont de Chailly Fleurs | Artisan fleuriste \u00e0 Lausanne","description":"Fleurs fra\u00eeches, plantes, terrariums et cadeaux toute l&#039;ann\u00e9e. Commande en ligne 7\/7 et livraison express \u00e0 Lausanne et environs.","publisher":{"@id":"https:\/\/www.fleurschailly.ch\/#organization"},"potentialAction":[{"@type":"SearchAction","target":{"@type":"EntryPoint","urlTemplate":"https:\/\/www.fleurschailly.ch\/?s={search_term_string}"},"query-input":{"@type":"PropertyValueSpecification","valueRequired":true,"valueName":"search_term_string"}}],"inLanguage":"en-US"},{"@type":"Organization","@id":"https:\/\/www.fleurschailly.ch\/#organization","name":"Pont de Chailly Fleurs","url":"https:\/\/www.fleurschailly.ch\/","logo":{"@type":"ImageObject","inLanguage":"en-US","@id":"https:\/\/www.fleurschailly.ch\/#\/schema\/logo\/image\/","url":"https:\/\/www.fleurschailly.ch\/wp-content\/uploads\/pont-de-chailly-fleurs-logo.png","contentUrl":"https:\/\/www.fleurschailly.ch\/wp-content\/uploads\/pont-de-chailly-fleurs-logo.png","width":1200,"height":1177,"caption":"Pont de Chailly Fleurs"},"image":{"@id":"https:\/\/www.fleurschailly.ch\/#\/schema\/logo\/image\/"},"sameAs":["https:\/\/www.facebook.com\/fleurschailly\/","https:\/\/www.instagram.com\/pontdechaillyfleurs\/","https:\/\/www.youtube.com\/watch?v=R3f2uducHoQ"]}]}},"_links":{"self":[{"href":"https:\/\/www.fleurschailly.ch\/en\/wp-json\/wp\/v2\/product\/2212","targetHints":{"allow":["GET"]}}],"collection":[{"href":"https:\/\/www.fleurschailly.ch\/en\/wp-json\/wp\/v2\/product"}],"about":[{"href":"https:\/\/www.fleurschailly.ch\/en\/wp-json\/wp\/v2\/types\/product"}],"wp:featuredmedia":[{"embeddable":true,"href":"https:\/\/www.fleurschailly.ch\/en\/wp-json\/wp\/v2\/media\/2220"}],"wp:attachment":[{"href":"https:\/\/www.fleurschailly.ch\/en\/wp-json\/wp\/v2\/media?parent=2212"}],"wp:term":[{"taxonomy":"product_brand","embeddable":true,"href":"https:\/\/www.fleurschailly.ch\/en\/wp-json\/wp\/v2\/product_brand?post=2212"},{"taxonomy":"product_cat","embeddable":true,"href":"https:\/\/www.fleurschailly.ch\/en\/wp-json\/wp\/v2\/product_cat?post=2212"},{"taxonomy":"product_tag","embeddable":true,"href":"https:\/\/www.fleurschailly.ch\/en\/wp-json\/wp\/v2\/product_tag?post=2212"}],"curies":[{"name":"wp","href":"https:\/\/api.w.org\/{rel}","templated":true}]}}